{"id":120,"date":"2016-09-26T13:11:28","date_gmt":"2016-09-26T16:11:28","guid":{"rendered":"http:\/\/www.bentoquirino.com.br\/bentoquirino_wp\/?page_id=120"},"modified":"2024-01-24T14:41:01","modified_gmt":"2024-01-24T17:41:01","slug":"informacoes","status":"publish","type":"page","link":"https:\/\/www.bentoquirino.com.br\/novo\/informacoes\/","title":{"rendered":"Informa\u00e7\u00f5es"},"content":{"rendered":"\t\t<div data-elementor-type=\"wp-page\" data-elementor-id=\"120\" class=\"elementor elementor-120\" data-elementor-post-type=\"page\">\n\t\t\t\t\t\t<section class=\"elementor-section elementor-top-section elementor-element elementor-element-402617d elementor-section-stretched elementor-section-boxed elementor-section-height-default elementor-section-height-default\" data-id=\"402617d\" data-element_type=\"section\" data-e-type=\"section\" data-settings=\"{&quot;stretch_section&quot;:&quot;section-stretched&quot;,&quot;background_background&quot;:&quot;classic&quot;}\">\n\t\t\t\t\t\t<div class=\"elementor-container elementor-column-gap-default\">\n\t\t\t\t\t<div class=\"elementor-column elementor-col-100 elementor-top-column elementor-element elementor-element-3636124\" data-id=\"3636124\" data-element_type=\"column\" data-e-type=\"column\">\n\t\t\t<div class=\"elementor-widget-wrap elementor-element-populated\">\n\t\t\t\t\t\t<div class=\"elementor-element elementor-element-271f4b2 elementor-widget elementor-widget-heading\" data-id=\"271f4b2\" data-element_type=\"widget\" data-e-type=\"widget\" data-widget_type=\"heading.default\">\n\t\t\t\t<div class=\"elementor-widget-container\">\n\t\t\t\t\t<h2 class=\"elementor-heading-title elementor-size-default\">informa\u00e7\u00f5es<\/h2>\t\t\t\t<\/div>\n\t\t\t\t<\/div>\n\t\t\t\t\t<\/div>\n\t\t<\/div>\n\t\t\t\t\t<\/div>\n\t\t<\/section>\n\t\t\t\t<section class=\"elementor-section elementor-top-section elementor-element elementor-element-bfdbe08 elementor-section-boxed elementor-section-height-default elementor-section-height-default\" data-id=\"bfdbe08\" data-element_type=\"section\" data-e-type=\"section\">\n\t\t\t\t\t\t<div class=\"elementor-container elementor-column-gap-default\">\n\t\t\t\t\t<div class=\"elementor-column elementor-col-100 elementor-top-column elementor-element elementor-element-df0684c\" data-id=\"df0684c\" data-element_type=\"column\" data-e-type=\"column\">\n\t\t\t<div class=\"elementor-widget-wrap elementor-element-populated\">\n\t\t\t\t\t\t<div class=\"elementor-element elementor-element-dedef9a elementor-widget elementor-widget-spacer\" data-id=\"dedef9a\" data-element_type=\"widget\" data-e-type=\"widget\" data-widget_type=\"spacer.default\">\n\t\t\t\t<div class=\"elementor-widget-container\">\n\t\t\t\t\t\t\t<div class=\"elementor-spacer\">\n\t\t\t<div class=\"elementor-spacer-inner\"><\/div>\n\t\t<\/div>\n\t\t\t\t\t\t<\/div>\n\t\t\t\t<\/div>\n\t\t\t\t\t<\/div>\n\t\t<\/div>\n\t\t\t\t\t<\/div>\n\t\t<\/section>\n\t\t\t\t<section class=\"elementor-section elementor-top-section elementor-element elementor-element-44c670f3 elementor-section-boxed elementor-section-height-default elementor-section-height-default\" data-id=\"44c670f3\" data-element_type=\"section\" data-e-type=\"section\">\n\t\t\t\t\t\t<div class=\"elementor-container elementor-column-gap-default\">\n\t\t\t\t\t<div class=\"elementor-column elementor-col-100 elementor-top-column elementor-element elementor-element-15fca248\" data-id=\"15fca248\" data-element_type=\"column\" data-e-type=\"column\">\n\t\t\t<div class=\"elementor-widget-wrap elementor-element-populated\">\n\t\t\t\t\t\t<div class=\"elementor-element elementor-element-51c82ffd elementor-widget elementor-widget-text-editor\" data-id=\"51c82ffd\" data-element_type=\"widget\" data-e-type=\"widget\" data-widget_type=\"text-editor.default\">\n\t\t\t\t<div class=\"elementor-widget-container\">\n\t\t\t\t\t\t\t\t\t<p style=\"text-align: justify;\"><strong><span style=\"font-family: Roboto, Helvetica, Arial, sans-serif;\">Secretaria Acad\u00eamica<\/span><\/strong><\/p>\n<div class=\"internas-duas-col\">\n<div class=\"internas-coluna-dir\">\n<div class=\"internas-coluna-dir-conteudo\">\n<p style=\"text-align: justify;\"><strong>Unidade Jos\u00e9 de Alencar<\/strong><br>0800 7 712 712<\/p>\n<p style=\"text-align: justify;\"><strong>Requerimentos:<\/strong><\/p>\n<p style=\"text-align: justify;\">Aproveitamento de Estudos \/ Dispensa de Disciplina<br>O aluno (a) que j\u00e1 cursou disciplina equivalente em outra institui\u00e7\u00e3o de ensino pode requerer dispensa de disciplina apresentando o hist\u00f3rico escolar e o conte\u00fado program\u00e1tico. Estes documentos ser\u00e3o submetidos \u00e0 an\u00e1lise do coordenador ou professor que ministra a disciplina. A solicita\u00e7\u00e3o dever\u00e1 ser feita na Secretaria Acad\u00eamica e a resposta ser\u00e1 comunicada assim que proferida a decis\u00e3o. N\u00e3o h\u00e1 pagamento de taxa.<\/p>\n<p style=\"text-align: justify;\"><strong>Expedi\u00e7\u00e3o de Diploma<\/strong><\/p>\n<p style=\"text-align: justify;\">Ap\u00f3s conclus\u00e3o total do curso, ou seja, n\u00e3o havendo pend\u00eancias acad\u00eamicas, relativas \u00e0 depend\u00eancia, seja por nota, falta, falta de entrega de TCC ou falta de entrega do relat\u00f3rio de est\u00e1gio e, estando e situa\u00e7\u00e3o regular junto ao ENADE (se for o caso) e, ainda, ter participado da cerim\u00f4nia oficial da cola\u00e7\u00e3o de grau (oferecida e agendada pela institui\u00e7\u00e3o de ensino), o aluno (a) DEVE requerer o seu diploma.<br>O requerimento \u00e9 feito na Secretaria Acad\u00eamica.<br>Em caso de altera\u00e7\u00e3o de nome em decorr\u00eancia de casamento ou div\u00f3rcio, a aluna dever\u00e1 apresentar o documento atualizado na Secretaria Acad\u00eamica.<br>Em posse do requerimento feito na Secretaria Acad\u00eamica e, caso escolhido o modelo de diploma em \u201cpapel cart\u00e3o\u201d, o aluno (a) deve apresentar o requerimento na Tesouraria para carimbar a solicita\u00e7\u00e3o. N\u00e3o haver\u00e1 cobran\u00e7a de taxa.<br>Entretanto, se for escolhido o modelo de diploma em \u201cpergaminho animal\u201d, o aluno (a) dever\u00e1 apresentar o requerimento na Tesouraria e pagar a taxa.<br>Para expedi\u00e7\u00e3o da 2\u00aa via de diploma, de qualquer um dos modelos, ser\u00e1 cobrada taxa.<br>H\u00e1 necessidade de retornar \u00e0 Secretaria Acad\u00eamica para agendar o prazo para entrega do diploma (prazo de aproximado de 18 meses).<br>Os diplomas dos alunos (as) das unidades localizadas em Campinas s\u00e3o registrados na UNICAMP e os diplomas dos alunos (as) das unidades localizadas em S\u00e3o Paulo s\u00e3o registrados na USP.<br>O aluno (a) ser\u00e1 comunicado pela Secretaria Acad\u00eamica assim que o documento estiver pronto.<\/p>\n<p style=\"text-align: justify;\"><strong>Apressamento do Registro de Diploma<\/strong><\/p>\n<p style=\"text-align: justify;\">O aluno (a) que tiver necessidade de apressamento do processo de expedi\u00e7\u00e3o e registro do diploma dever\u00e1 apresentar c\u00f3pia da justificativa do pedido.<br>Ap\u00f3s a Secretaria Acad\u00eamica protocolar entrada no processo de registro do diploma na universidade registradora, o aluno (a) poder\u00e1 solicitar o apressamento diretamente naquela universidade.<\/p>\n<p style=\"text-align: justify;\"><strong>Hist\u00f3rico Escolar<\/strong><\/p>\n<p style=\"text-align: justify;\">O requerimento do hist\u00f3rico escolar pode ser PARCIAL ou de CONCLUS\u00c3O.<br>O hist\u00f3rico escolar parcial pode ser requerido pelo aluno (a) que est\u00e1 em curso ou que por algum motivo paralisou seu curso, diretamente na Secretaria Acad\u00eamica. H\u00e1 necessidade de recolhimento de taxa a ser paga na Tesouraria da faculdade.<br>O hist\u00f3rico escolar de conclus\u00e3o deve ser requerido pelo aluno (a) ap\u00f3s a conclus\u00e3o do seu curso. H\u00e1 necessidade de estar com sua situa\u00e7\u00e3o regular junto ao ENADE e de ter participado oficialmente da cola\u00e7\u00e3o de grau. N\u00e3o h\u00e1 cobran\u00e7a de taxa para este caso, exceto se for 2\u00aa via do documento.<\/p>\n<p style=\"text-align: justify;\"><strong>Declara\u00e7\u00e3o de Conclus\u00e3o de Curso<\/strong><\/p>\n<p style=\"text-align: justify;\">A declara\u00e7\u00e3o de conclus\u00e3o de curso deve ser requerida pelo aluno (a) ap\u00f3s a conclus\u00e3o do seu curso. H\u00e1 necessidade de estar com sua situa\u00e7\u00e3o regular junto ao ENADE e de ter participado oficialmente da cola\u00e7\u00e3o de grau. N\u00e3o h\u00e1 cobran\u00e7a de taxa para este caso, exceto se for 2\u00aa via do documento.<\/p>\n<p style=\"text-align: justify;\"><strong>Transfer\u00eancia para o Grupo Universit\u00e1rio IPEP<\/strong><\/p>\n<p style=\"text-align: justify;\">Deve obedecer a data limite prevista no Calend\u00e1rio Acad\u00eamico. Informa\u00e7\u00f5es na Secretaria Acad\u00eamica. H\u00e1 necessidade de apresentar o hist\u00f3rico escolar da institui\u00e7\u00e3o de origem constando data do vestibular e tamb\u00e9m c\u00f3pias simples dos conte\u00fados program\u00e1ticos das disciplinas cursadas.<br>N\u00e3o h\u00e1 necessidade de apresenta\u00e7\u00e3o de comprovante de v\u00ednculo com a institui\u00e7\u00e3o de origem, sendo desnecess\u00e1ria a certid\u00e3o de matr\u00edcula.<br>A documenta\u00e7\u00e3o ser\u00e1 encaminhada para a Coordena\u00e7\u00e3o do Curso, que, ap\u00f3s a an\u00e1lise do curr\u00edculo de origem e compara\u00e7\u00e3o com a matriz curricular do IPEP, dever\u00e1 indicar o semestre que o candidato dever\u00e1 ingressar e as respectivas dispensas e adapta\u00e7\u00f5es. N\u00e3o h\u00e1 cobran\u00e7a de taxa.<\/p>\n<p style=\"text-align: justify;\"><strong>Transfer\u00eancia Interna de Curso, Turno ou Unidade<\/strong><\/p>\n<p style=\"text-align: justify;\">O requerimento deve ser feito na Secretaria Acad\u00eamica que o encaminhar\u00e1 para avalia\u00e7\u00e3o do Coordenador do Curso. A resposta ser\u00e1 informada pela Secretaria Acad\u00eamica. H\u00e1 necessidade de pagamento de taxa.<\/p>\n<p style=\"text-align: justify;\"><strong>Transfer\u00eancia para Outra Institui\u00e7\u00e3o<\/strong><\/p>\n<p style=\"text-align: justify;\">O aluno dever\u00e1 fazer o requerimento na secretaria a qual preencher\u00e1 o formul\u00e1rio F.SG.18 e o encaminhar\u00e1 ao Servi\u00e7o de Apoio ao Estudante \u2013 SAE.<br>Ap\u00f3s, o aluno dever\u00e1 requerer na Secretaria Acad\u00eamica o seu Hist\u00f3rico Escolar Parcial e respectivos Conte\u00fados Program\u00e1ticos, mediante pagamento das taxas. Estes documentos devem ser apresentados pelo aluno na institui\u00e7\u00e3o de destino.<\/p>\n<p style=\"text-align: justify;\"><strong>Trancamento de Matr\u00edcula<\/strong><\/p>\n<p style=\"text-align: justify;\">O trancamento da matr\u00edcula corresponde \u00e0 suspens\u00e3o total das atividades acad\u00eamicas por um determinado prazo. Neste intervalo de tempo, o aluno mant\u00e9m v\u00ednculo com a Institui\u00e7\u00e3o e pode requerer seu retorno aos estudos sem participar de novo processo seletivo. Este retorno \u00e9 condicionado \u00e0 oferta de turmas e exist\u00eancia de vagas no respectivo curso, turno e campus pretendido mantendo assim seu v\u00ednculo com a Institui\u00e7\u00e3o.<br>Ap\u00f3s a expira\u00e7\u00e3o do prazo de trancamento, o aluno dever\u00e1 prestar novo processo seletivo, adequando-se \u00e0 nova grade curricular.<br>Para que seja efetuado o trancamento, o aluno dever\u00e1 fazer o requerimento na secretaria, recolhendo a respectiva taxa e eventuais valores vencidos at\u00e9 a data do requerimento, conforme contrato de presta\u00e7\u00e3o de servi\u00e7os educacionais.<br>O trancamento poder\u00e1 ser concedido por um per\u00edodo n\u00e3o superior ao prazo de integraliza\u00e7\u00e3o do curso.<\/p>\n<p style=\"text-align: justify;\"><strong>Cancelamento de Matr\u00edcula<\/strong><\/p>\n<p style=\"text-align: justify;\">O cancelamento cessa o v\u00ednculo com a institui\u00e7\u00e3o e pode ser requerido a qualquer momento. H\u00e1 necessidade de pagamento de taxa.<\/p>\n<p style=\"text-align: justify;\"><strong>Licen\u00e7a M\u00e9dica, Licen\u00e7a Gestante \u2013 Regime Domiciliar<\/strong><\/p>\n<p style=\"text-align: justify;\">O afastamento \u00e9 permitido de acordo com a Lei 1.044 de 21\/10\/1969 e com a Lei 6.202 de 17\/04\/1975.<br>Para licen\u00e7a m\u00e9dica (traumas f\u00edsicos e doen\u00e7as infecto-contagiosas) o per\u00edodo de afastamento deve ser superior a 15 dias e conter o CID. A gestante ter\u00e1 direito ao Regime domiciliar a partir do 8\u00ba m\u00eas de gesta\u00e7\u00e3o.<br>A dura\u00e7\u00e3o n\u00e3o pode prejudicar a continuidade do processo pedag\u00f3gico.<br>O aluno (a) deve preencher o requerimento na Secretaria Acad\u00eamica com os seguintes dados:<br>&#8211; data do in\u00edcio e do t\u00e9rmino do afastamento;<br>&#8211; nome completo do colega de classe que ir\u00e1 represent\u00e1-lo durante o per\u00edodo de afastamento;<br>&#8211; n\u00famero do CID.<br>O requerimento ser\u00e1 encaminhado pelo Servi\u00e7o de Apoio ao estudante &#8211; SAE ao Coordenador do Curso, o qual elaborar\u00e1 um projeto para que o professor possa acompanhar o exerc\u00edcio domiciliar e encaminhar\u00e1 para cada professor do curso uma c\u00f3pia do requerimento.<br>Os atestados de gravidez ou laudos (afec\u00e7\u00f5es cong\u00eanitas ou adquiridas, infec\u00e7\u00f5es, traumatismo ou outras condi\u00e7\u00f5es m\u00f3rbidas, determinando dist\u00farbios agudos ou agudizados (prementes) devem ser entregues pelo aluno, pelo colega de classe indicado, pelo pai, pela m\u00e3e ou representante legal, at\u00e9 05 dias \u00fateis, contados a partir da data do afastamento. Os documentos entregues posteriormente (quando o aluno retorna) ser\u00e3o considerados NULOS.<br>O aluno (a) interessado ou seu representante dever\u00e1 procurar o servi\u00e7o de Apoio ao estudante ou a Coordena\u00e7\u00e3o do curso para receber as instru\u00e7\u00f5es quanto \u00e0s tarefas e exerc\u00edcios domiciliares.<br>O atestado ou laudo m\u00e9dico dever\u00e1 conter o n\u00famero do CID.<br>N\u00e3o ser\u00e3o concedidos exerc\u00edcios domiciliares relativas \u00e0s disciplinas de car\u00e1ter pr\u00e1tico.<br>O exerc\u00edcio domiciliar n\u00e3o dispensa o aluno da realiza\u00e7\u00e3o das provas e, em qualquer caso, \u00e9 assegurado \u00e0 gestante \u00e0 presta\u00e7\u00e3o de exames finais.<br>Para todos estes casos, se o per\u00edodo de afastamento coincidir com o per\u00edodo de realiza\u00e7\u00e3o das provas oficiais, o agendamento para realiza\u00e7\u00e3o da prova ser\u00e1 informado pelo SAE, ap\u00f3s autoriza\u00e7\u00e3o da Vice-dire\u00e7\u00e3o de Ensino ou Coordena\u00e7\u00e3o Pedag\u00f3gica.<\/p>\n<p style=\"text-align: justify;\"><strong>Faltas<\/strong><\/p>\n<p style=\"text-align: justify;\">N\u00e3o existe abono de faltas.<br>O afastamento \u00e9 permitido de acordo com a Lei 1.044 de 21\/10\/1969 e com a Lei 6.202 de 17\/04\/1975, conforme descrito no item \u201cLicen\u00e7a M\u00e9dica, Licen\u00e7a Gestante \u2013 Regime Domiciliar\u201d.<br>O Art. 7\u00ba, \u00a75\u00ba, da Lei n\u00ba 10.861, de 14 de abril de 2004, determina que as institui\u00e7\u00f5es de educa\u00e7\u00e3o superior devam abonar as faltas do estudante designado membro da Comiss\u00e3o Nacional de Avalia\u00e7\u00e3o da Educa\u00e7\u00e3o Superior \u2013 CONAES, que tenha participado de reuni\u00f5es em hor\u00e1rios coincidentes com os das atividades acad\u00eamicas.<br>N\u00e3o existem outras exce\u00e7\u00f5es.<br>N\u00e3o h\u00e1 abono de faltas em fun\u00e7\u00e3o de motivos religiosos. Os Pareceres CEB\/CNE n\u00ba 15\/1999 e CNE\/CES n\u00ba 336\/2000 tratam da quest\u00e3o.<\/p>\n<p style=\"text-align: justify;\"><strong>Frequ\u00eancia<\/strong><\/p>\n<p style=\"text-align: justify;\">A Lei 9.394 de 20 de dezembro de 1996, em seu Art. 47, \u00a7 3\u00ba prev\u00ea que a frequ\u00eancia \u00e9 obrigat\u00f3ria, salvo nos programas de educa\u00e7\u00e3o \u00e0 dist\u00e2ncia.<br>Tendo em vista que n\u00e3o houve regulamenta\u00e7\u00e3o sobre a frequ\u00eancia ap\u00f3s a LDB de 1996, deve ser recepcionado o regime anterior que determina 75% de presen\u00e7a m\u00ednima para que o aproveitamento do aluno seja garantido, ou seja, acima de 25% de faltas, considerando a carga hor\u00e1ria de cada disciplina, o aluno ficar\u00e1 retido.<br>Boletim de Notas e Faltas<br>As notas e faltas s\u00e3o divulgadas atrav\u00e9s do Portal do Aluno. O Boletim \u00e9 emitido pela Secretaria Acad\u00eamica ap\u00f3s 10 dias \u00fateis do t\u00e9rmino de cada semestre.<br>Em caso de d\u00favida, os esclarecimentos devem ser solicitados na Secretaria Acad\u00eamica.<\/p>\n<p style=\"text-align: justify;\"><strong>Rematr\u00edcula<\/strong><\/p>\n<p style=\"text-align: justify;\">A matr\u00edcula \u00e9 renovada semestralmente de acordo com o regime do curso. A rematr\u00edcula \u00e9 realizada no per\u00edodo informado pela Secretaria Acad\u00eamica, normalmente na segunda quinzena dos meses de maio e outubro e \u00e9 concedida aos alunos que se encontram com situa\u00e7\u00e3o acad\u00eamica (inclusive no que tange \u00e0 entrega de documentos) e financeira regular.<br>H\u00e1 necessidade de atualiza\u00e7\u00e3o cadastral do aluno (a) na Secretaria Acad\u00eamica.<br>Depend\u00eancias<br>Depend\u00eancia \u00e9 a disciplina cursada pelo aluno que n\u00e3o atingiu a m\u00e9dia e\/ou a frequ\u00eancia m\u00ednima para aprova\u00e7\u00e3o.<\/p>\n<p style=\"text-align: justify;\"><strong>Adapta\u00e7\u00e3o<\/strong><\/p>\n<p style=\"text-align: justify;\">Adapta\u00e7\u00e3o \u00e9 a disciplina que o aluno necessita cursar para se adaptar ao curr\u00edculo, seja por transfer\u00eancia interna, externa, retorno ou reabertura de matr\u00edcula.<\/p>\n<p style=\"text-align: justify;\"><strong>Matr\u00edculas em Depend\u00eancias<\/strong><\/p>\n<p style=\"text-align: justify;\">A matr\u00edcula em disciplinas decorrentes de depend\u00eancias, seja oferecida em regime presencial ou EAD, \u00e9 realizada no per\u00edodo informado pela Secretaria Acad\u00eamica, normalmente na segunda quinzena dos meses de maio e outubro e \u00e9 concedida aos alunos que se encontram com situa\u00e7\u00e3o acad\u00eamica e financeira regulares. Estando sujeito ao regime de depend\u00eancia, o aluno (a) pagar\u00e1, al\u00e9m da mensalidade, uma taxa suplementar por disciplina (de acordo com a carga hor\u00e1ria).<\/p>\n<p style=\"text-align: justify;\"><strong>Conte\u00fado Program\u00e1tico<\/strong><\/p>\n<p style=\"text-align: justify;\">Apresenta o conte\u00fado program\u00e1tico de todas as disciplinas cursadas pelo requerente, incluindo bibliografias. Deve ser requerido na Secretaria Acad\u00eamica com o devido recolhimento de taxa.<\/p>\n<p style=\"text-align: justify;\"><strong>Retorno ao Curso<\/strong><\/p>\n<p style=\"text-align: justify;\">Destinado aos alunos que se desligaram temporariamente do curso e pretendem retornar. O requerente poder\u00e1 ser readmitido se n\u00e3o estiver expirado o prazo para integraliza\u00e7\u00e3o do curso e desde que haja vaga no semestre e turno pretendidos, sujeito a adapta\u00e7\u00e3o ao curr\u00edculo vigente.<\/p>\n<p style=\"text-align: justify;\"><strong>Prazo para Integraliza\u00e7\u00e3o do Curso<\/strong><\/p>\n<p style=\"text-align: justify;\">Todos os cursos possuem um per\u00edodo m\u00ednimo de dura\u00e7\u00e3o definido pela legisla\u00e7\u00e3o educacional e um per\u00edodo m\u00e1ximo durante o qual deve ser conclu\u00eddo (prazos m\u00ednimo e m\u00e1ximo de integraliza\u00e7\u00e3o).<br>Caso o aluno ultrapasse este per\u00edodo m\u00e1ximo de integraliza\u00e7\u00e3o, estar\u00e1 sujeito ao desligamento do curso e consequente perda da vaga.<br>Para retorno \u00e0s atividades, dever\u00e1 prestar novo processo seletivo, com direito ao aproveitamento de estudos das disciplinas j\u00e1 cursadas e eventual necessidade de cumprimento de disciplinas em regime de adapta\u00e7\u00e3o, nos casos de altera\u00e7\u00f5es de matrizes\/grades curriculares.<br>Este per\u00edodo adicional a dura\u00e7\u00e3o m\u00ednima varia em fun\u00e7\u00e3o da dura\u00e7\u00e3o do curso (n\u00famero de semestres).<br>A portaria FIPEP\/FATEC IPEP n\u00ba 004\/2008 determina que o prazo m\u00e1ximo para integraliza\u00e7\u00e3o do curso \u00e9 o per\u00edodo correspondente a cinquenta por cento do curso para o qual o aluno foi matriculado.<\/p>\n<p style=\"text-align: justify;\"><strong>Est\u00e1gio ou TCC<\/strong><\/p>\n<p style=\"text-align: justify;\">Todos os alunos regularmente matriculados podem realizar est\u00e1gio.<br>Para alguns cursos, o est\u00e1gio \u00e9 componente curricular necess\u00e1rio para a conclus\u00e3o, para outros, o TCC \u00e9 necess\u00e1rio para a conclus\u00e3o.<br>Esta informa\u00e7\u00e3o \u00e9 transmitida pelo Coordenador do Curso, de acordo com as matrizes\/grades curriculares vigentes.<\/p>\n<p style=\"text-align: justify;\"><strong>Cola\u00e7\u00e3o de Grau<\/strong><\/p>\n<p style=\"text-align: justify;\">\u00c9 o ato solene no qual a institui\u00e7\u00e3o de ensino atribui publicamente os t\u00edtulos aos alunos que conclu\u00edrem o curso. \u00c9 oficial e obrigat\u00f3ria, sendo realizada em sess\u00e3o solene e p\u00fablica para os cursos de gradua\u00e7\u00e3o, em dia, local e hor\u00e1rio previamente comunicado pela Institui\u00e7\u00e3o.<br>A participa\u00e7\u00e3o \u00e9 condicionada a efetiva conclus\u00e3o do curso, sem nenhuma pend\u00eancia acad\u00eamica, como por exemplo, o TCC, o relat\u00f3rio de est\u00e1gio, depend\u00eancia ou o ENADE.<\/p>\n<p style=\"text-align: justify;\"><strong>ENADE<\/strong><\/p>\n<p style=\"text-align: justify;\">Se o seu curso foi selecionado para fazer o ENADE \u00e9 da sua responsabilidade manter todos os seus dados cadastrais atualizados para que o MEC envie as correspond\u00eancias com sucesso. Os alunos que forem convocados para fazer o ENADE e faltarem no dia da prova, ter\u00e3o que justificar sua aus\u00eancia, sob pena de serem impedido de colar grau e de obterem seus diplomas, pois o ENADE \u00e9 componente curricular obrigat\u00f3rio. Caso n\u00e3o tenha comparecido no dia da prova, favor comunicar a Secretaria Acad\u00eamica. Quaisquer esclarecimentos consultem o portal: <a href=\"http:\/\/www.inep.gov.br\/superior\/enade\">www.inep.gov.br\/superior\/enade.<\/a><\/p>\n<\/div>\n<\/div>\n<\/div>\n<div class=\"both\">&nbsp;<\/div>\t\t\t\t\t\t\t\t<\/div>\n\t\t\t\t<\/div>\n\t\t\t\t\t<\/div>\n\t\t<\/div>\n\t\t\t\t\t<\/div>\n\t\t<\/section>\n\t\t\t\t<\/div>\n\t\t","protected":false},"excerpt":{"rendered":"<p>informa\u00e7\u00f5es Secretaria Acad\u00eamica Unidade Jos\u00e9 de Alencar0800 7 712 712 Requerimentos: Aproveitamento de Estudos \/ Dispensa de DisciplinaO aluno (a) que j\u00e1 cursou disciplina equivalente em outra institui\u00e7\u00e3o de ensino pode requerer dispensa de disciplina apresentando o hist\u00f3rico escolar e o conte\u00fado program\u00e1tico. Estes documentos ser\u00e3o submetidos \u00e0 an\u00e1lise do coordenador ou professor que ministra &hellip; <a href=\"https:\/\/www.bentoquirino.com.br\/novo\/informacoes\/\" class=\"more-link\">Continue reading<span class=\"screen-reader-text\"> &#8220;Informa\u00e7\u00f5es&#8221;<\/span><\/a><\/p>\n","protected":false},"author":24,"featured_media":0,"parent":0,"menu_order":2,"comment_status":"closed","ping_status":"closed","template":"","meta":{"_acf_changed":false,"inline_featured_image":false,"footnotes":""},"categories":[],"tags":[],"class_list":["post-120","page","type-page","status-publish","hentry"],"acf":[],"_links":{"self":[{"href":"https:\/\/www.bentoquirino.com.br\/novo\/wp-json\/wp\/v2\/pages\/120","targetHints":{"allow":["GET"]}}],"collection":[{"href":"https:\/\/www.bentoquirino.com.br\/novo\/wp-json\/wp\/v2\/pages"}],"about":[{"href":"https:\/\/www.bentoquirino.com.br\/novo\/wp-json\/wp\/v2\/types\/page"}],"author":[{"embeddable":true,"href":"https:\/\/www.bentoquirino.com.br\/novo\/wp-json\/wp\/v2\/users\/24"}],"replies":[{"embeddable":true,"href":"https:\/\/www.bentoquirino.com.br\/novo\/wp-json\/wp\/v2\/comments?post=120"}],"version-history":[{"count":24,"href":"https:\/\/www.bentoquirino.com.br\/novo\/wp-json\/wp\/v2\/pages\/120\/revisions"}],"predecessor-version":[{"id":69339,"href":"https:\/\/www.bentoquirino.com.br\/novo\/wp-json\/wp\/v2\/pages\/120\/revisions\/69339"}],"wp:attachment":[{"href":"https:\/\/www.bentoquirino.com.br\/novo\/wp-json\/wp\/v2\/media?parent=120"}],"wp:term":[{"taxonomy":"category","embeddable":true,"href":"https:\/\/www.bentoquirino.com.br\/novo\/wp-json\/wp\/v2\/categories?post=120"},{"taxonomy":"post_tag","embeddable":true,"href":"https:\/\/www.bentoquirino.com.br\/novo\/wp-json\/wp\/v2\/tags?post=120"}],"curies":[{"name":"wp","href":"https:\/\/api.w.org\/{rel}","templated":true}]}}