{"id":125,"date":"2016-09-26T13:14:01","date_gmt":"2016-09-26T16:14:01","guid":{"rendered":"http:\/\/www.bentoquirino.com.br\/bentoquirino_wp\/?page_id=125"},"modified":"2023-04-10T14:28:25","modified_gmt":"2023-04-10T17:28:25","slug":"documentacao-para-matricula","status":"publish","type":"page","link":"https:\/\/www.bentoquirino.com.br\/novo\/documentacao-para-matricula\/","title":{"rendered":"Documenta\u00e7\u00e3o para Matr\u00edcula"},"content":{"rendered":"\t\t<div data-elementor-type=\"wp-page\" data-elementor-id=\"125\" class=\"elementor elementor-125\" data-elementor-post-type=\"page\">\n\t\t\t\t\t\t<section class=\"elementor-section elementor-top-section elementor-element elementor-element-65a4947 elementor-section-stretched elementor-section-boxed elementor-section-height-default elementor-section-height-default\" data-id=\"65a4947\" data-element_type=\"section\" data-e-type=\"section\" data-settings=\"{&quot;stretch_section&quot;:&quot;section-stretched&quot;,&quot;background_background&quot;:&quot;classic&quot;}\">\n\t\t\t\t\t\t<div class=\"elementor-container elementor-column-gap-default\">\n\t\t\t\t\t<div class=\"elementor-column elementor-col-100 elementor-top-column elementor-element elementor-element-0491504\" data-id=\"0491504\" data-element_type=\"column\" data-e-type=\"column\">\n\t\t\t<div class=\"elementor-widget-wrap elementor-element-populated\">\n\t\t\t\t\t\t<div class=\"elementor-element elementor-element-f76cfc2 elementor-widget elementor-widget-heading\" data-id=\"f76cfc2\" data-element_type=\"widget\" data-e-type=\"widget\" data-widget_type=\"heading.default\">\n\t\t\t\t<div class=\"elementor-widget-container\">\n\t\t\t\t\t<h2 class=\"elementor-heading-title elementor-size-default\">Documenta\u00e7\u00e3o para Matr\u00edcula<\/h2>\t\t\t\t<\/div>\n\t\t\t\t<\/div>\n\t\t\t\t\t<\/div>\n\t\t<\/div>\n\t\t\t\t\t<\/div>\n\t\t<\/section>\n\t\t\t\t<section class=\"elementor-section elementor-top-section elementor-element elementor-element-cbe48ec elementor-section-boxed elementor-section-height-default elementor-section-height-default\" data-id=\"cbe48ec\" data-element_type=\"section\" data-e-type=\"section\">\n\t\t\t\t\t\t<div class=\"elementor-container elementor-column-gap-default\">\n\t\t\t\t\t<div class=\"elementor-column elementor-col-100 elementor-top-column elementor-element elementor-element-1b42dd3\" data-id=\"1b42dd3\" data-element_type=\"column\" data-e-type=\"column\">\n\t\t\t<div class=\"elementor-widget-wrap elementor-element-populated\">\n\t\t\t\t\t\t<div class=\"elementor-element elementor-element-419605f elementor-widget elementor-widget-spacer\" data-id=\"419605f\" data-element_type=\"widget\" data-e-type=\"widget\" data-widget_type=\"spacer.default\">\n\t\t\t\t<div class=\"elementor-widget-container\">\n\t\t\t\t\t\t\t<div class=\"elementor-spacer\">\n\t\t\t<div class=\"elementor-spacer-inner\"><\/div>\n\t\t<\/div>\n\t\t\t\t\t\t<\/div>\n\t\t\t\t<\/div>\n\t\t\t\t\t<\/div>\n\t\t<\/div>\n\t\t\t\t\t<\/div>\n\t\t<\/section>\n\t\t\t\t<section class=\"elementor-section elementor-top-section elementor-element elementor-element-4f8b6ac6 elementor-section-boxed elementor-section-height-default elementor-section-height-default\" data-id=\"4f8b6ac6\" data-element_type=\"section\" data-e-type=\"section\">\n\t\t\t\t\t\t<div class=\"elementor-container elementor-column-gap-default\">\n\t\t\t\t\t<div class=\"elementor-column elementor-col-100 elementor-top-column elementor-element elementor-element-70e9fb5\" data-id=\"70e9fb5\" data-element_type=\"column\" data-e-type=\"column\">\n\t\t\t<div class=\"elementor-widget-wrap elementor-element-populated\">\n\t\t\t\t\t\t<div class=\"elementor-element elementor-element-1cbfbe0e elementor-widget elementor-widget-text-editor\" data-id=\"1cbfbe0e\" data-element_type=\"widget\" data-e-type=\"widget\" data-widget_type=\"text-editor.default\">\n\t\t\t\t<div class=\"elementor-widget-container\">\n\t\t\t\t\t\t\t\t\t<p>&#8211; Comprovante de bolsa (documento onde consta a porcentagem de bolsa obtida pela participa\u00e7\u00e3o no processo seletivo)<\/p>\n<p>&#8211; 1 C\u00f3pia do hist\u00f3rico escolar do 2\u00ba Grau e certificado autenticado \/ declara\u00e7\u00e3o original<br>(documento necess\u00e1rio para efetuar a matricula)<\/p>\n<p>&#8211; 1 C\u00f3pia autenticada do RG (documento necess\u00e1rio para efetuar a matricula)<\/p>\n<p>&#8211; 1 Foto 3\/4<\/p>\n<p>&#8211; 1 C\u00f3pia da certid\u00e3o de nascimento ou casamento<\/p>\n<p>&#8211; 1 C\u00f3pia do CAM ou Reservista (somente para candidatos do sexo masculino)<\/p>\n<p>&#8211; 1 C\u00f3pia do CPF (ou CIC)<\/p>\n<p>&#8211; 1 C\u00f3pia do Titulo de Eleitor<\/p>\n<p>&#8211; 1 C\u00f3pia do Comprovante de Resid\u00eancia (lado do endere\u00e7o)<\/p>\n<p>SEM A DOCUMENTA\u00c7\u00c3O ACIMA N\u00c3O SER\u00c1 POSS\u00cdVEL EFETUAR A MATR\u00cdCULA.<\/p>\n<p><strong>ATEN\u00c7\u00c3O:<\/strong><\/p>\n<p>PARA MENORES DE IDADE O RESPONS\u00c1VEL DEVER\u00c1 LEVAR UMA C\u00d3PIA DO RG E CPF<br>(OU CIC) PARA EFETUAR A MATR\u00cdCULA.<\/p><p><br><\/p><p>E-mail para encaminhar Documenta\u00e7\u00e3o com NOME DO ALUNO E CURSO: secretaria.documentos@bentoquirino.com.br&nbsp;<\/p><p><b>Documentos necessitam estar digitalizados em PDF leg\u00edvel<\/b><\/p>\n<div style=\"border: 0px; font-variant-numeric: inherit; font-variant-east-asian: inherit; font-stretch: inherit; font-size: 16px; line-height: inherit; font-family: Calibri, Arial, Helvetica, sans-serif; margin: 0px; padding: 0px; vertical-align: baseline;\"><br><\/div>\t\t\t\t\t\t\t\t<\/div>\n\t\t\t\t<\/div>\n\t\t\t\t\t<\/div>\n\t\t<\/div>\n\t\t\t\t\t<\/div>\n\t\t<\/section>\n\t\t\t\t<section class=\"elementor-section elementor-top-section elementor-element elementor-element-845d05e elementor-section-boxed elementor-section-height-default elementor-section-height-default\" data-id=\"845d05e\" data-element_type=\"section\" data-e-type=\"section\">\n\t\t\t\t\t\t<div class=\"elementor-container elementor-column-gap-default\">\n\t\t\t\t\t<div class=\"elementor-column elementor-col-100 elementor-top-column elementor-element elementor-element-7a8576c\" data-id=\"7a8576c\" data-element_type=\"column\" data-e-type=\"column\">\n\t\t\t<div class=\"elementor-widget-wrap elementor-element-populated\">\n\t\t\t\t\t\t<div class=\"elementor-element elementor-element-d156f37 elementor-widget elementor-widget-spacer\" data-id=\"d156f37\" data-element_type=\"widget\" data-e-type=\"widget\" data-widget_type=\"spacer.default\">\n\t\t\t\t<div class=\"elementor-widget-container\">\n\t\t\t\t\t\t\t<div class=\"elementor-spacer\">\n\t\t\t<div class=\"elementor-spacer-inner\"><\/div>\n\t\t<\/div>\n\t\t\t\t\t\t<\/div>\n\t\t\t\t<\/div>\n\t\t\t\t\t<\/div>\n\t\t<\/div>\n\t\t\t\t\t<\/div>\n\t\t<\/section>\n\t\t\t\t<\/div>\n\t\t","protected":false},"excerpt":{"rendered":"<p>Documenta\u00e7\u00e3o para Matr\u00edcula &#8211; Comprovante de bolsa (documento onde consta a porcentagem de bolsa obtida pela participa\u00e7\u00e3o no processo seletivo) &#8211; 1 C\u00f3pia do hist\u00f3rico escolar do 2\u00ba Grau e certificado autenticado \/ declara\u00e7\u00e3o original(documento necess\u00e1rio para efetuar a matricula) &#8211; 1 C\u00f3pia autenticada do RG (documento necess\u00e1rio para efetuar a matricula) &#8211; 1 Foto &hellip; <a href=\"https:\/\/www.bentoquirino.com.br\/novo\/documentacao-para-matricula\/\" class=\"more-link\">Continue reading<span class=\"screen-reader-text\"> &#8220;Documenta\u00e7\u00e3o para Matr\u00edcula&#8221;<\/span><\/a><\/p>\n","protected":false},"author":24,"featured_media":0,"parent":0,"menu_order":4,"comment_status":"closed","ping_status":"closed","template":"","meta":{"_acf_changed":false,"inline_featured_image":false,"footnotes":""},"categories":[],"tags":[],"class_list":["post-125","page","type-page","status-publish","hentry"],"acf":[],"_links":{"self":[{"href":"https:\/\/www.bentoquirino.com.br\/novo\/wp-json\/wp\/v2\/pages\/125","targetHints":{"allow":["GET"]}}],"collection":[{"href":"https:\/\/www.bentoquirino.com.br\/novo\/wp-json\/wp\/v2\/pages"}],"about":[{"href":"https:\/\/www.bentoquirino.com.br\/novo\/wp-json\/wp\/v2\/types\/page"}],"author":[{"embeddable":true,"href":"https:\/\/www.bentoquirino.com.br\/novo\/wp-json\/wp\/v2\/users\/24"}],"replies":[{"embeddable":true,"href":"https:\/\/www.bentoquirino.com.br\/novo\/wp-json\/wp\/v2\/comments?post=125"}],"version-history":[{"count":32,"href":"https:\/\/www.bentoquirino.com.br\/novo\/wp-json\/wp\/v2\/pages\/125\/revisions"}],"predecessor-version":[{"id":66199,"href":"https:\/\/www.bentoquirino.com.br\/novo\/wp-json\/wp\/v2\/pages\/125\/revisions\/66199"}],"wp:attachment":[{"href":"https:\/\/www.bentoquirino.com.br\/novo\/wp-json\/wp\/v2\/media?parent=125"}],"wp:term":[{"taxonomy":"category","embeddable":true,"href":"https:\/\/www.bentoquirino.com.br\/novo\/wp-json\/wp\/v2\/categories?post=125"},{"taxonomy":"post_tag","embeddable":true,"href":"https:\/\/www.bentoquirino.com.br\/novo\/wp-json\/wp\/v2\/tags?post=125"}],"curies":[{"name":"wp","href":"https:\/\/api.w.org\/{rel}","templated":true}]}}