{"id":16754,"date":"2018-07-31T15:51:45","date_gmt":"2018-07-31T18:51:45","guid":{"rendered":"http:\/\/www.bentoquirino.com.br\/novo\/?page_id=16754"},"modified":"2026-02-23T09:00:43","modified_gmt":"2026-02-23T12:00:43","slug":"agencia-junior-2","status":"publish","type":"page","link":"https:\/\/www.bentoquirino.com.br\/novo\/agencia-junior-2\/","title":{"rendered":"Ag\u00eancia J\u00fanior"},"content":{"rendered":"\t\t<div data-elementor-type=\"wp-page\" data-elementor-id=\"16754\" class=\"elementor elementor-16754\" data-elementor-post-type=\"page\">\n\t\t\t\t\t\t<section class=\"elementor-section elementor-top-section elementor-element elementor-element-d20606d elementor-section-stretched elementor-section-boxed elementor-section-height-default elementor-section-height-default\" data-id=\"d20606d\" data-element_type=\"section\" data-e-type=\"section\" data-settings=\"{&quot;stretch_section&quot;:&quot;section-stretched&quot;,&quot;background_background&quot;:&quot;classic&quot;}\">\n\t\t\t\t\t\t<div class=\"elementor-container elementor-column-gap-default\">\n\t\t\t\t\t<div class=\"elementor-column elementor-col-100 elementor-top-column elementor-element elementor-element-0b4f7b8\" data-id=\"0b4f7b8\" data-element_type=\"column\" data-e-type=\"column\">\n\t\t\t<div class=\"elementor-widget-wrap elementor-element-populated\">\n\t\t\t\t\t\t<div class=\"elementor-element elementor-element-ed203cd elementor-widget elementor-widget-heading\" data-id=\"ed203cd\" data-element_type=\"widget\" data-e-type=\"widget\" data-widget_type=\"heading.default\">\n\t\t\t\t<div class=\"elementor-widget-container\">\n\t\t\t\t\t<h2 class=\"elementor-heading-title elementor-size-default\">AG\u00caNCIA J\u00daNIOR <span id=\"cor-destaque\"> BQ <\/span><\/h2>\t\t\t\t<\/div>\n\t\t\t\t<\/div>\n\t\t\t\t\t<\/div>\n\t\t<\/div>\n\t\t\t\t\t<\/div>\n\t\t<\/section>\n\t\t\t\t<section class=\"elementor-section elementor-top-section elementor-element elementor-element-ace7c74 elementor-section-boxed elementor-section-height-default elementor-section-height-default\" data-id=\"ace7c74\" data-element_type=\"section\" data-e-type=\"section\">\n\t\t\t\t\t\t<div class=\"elementor-container elementor-column-gap-default\">\n\t\t\t\t\t<div class=\"elementor-column elementor-col-100 elementor-top-column elementor-element elementor-element-a8a1c3c\" data-id=\"a8a1c3c\" data-element_type=\"column\" data-e-type=\"column\">\n\t\t\t<div class=\"elementor-widget-wrap elementor-element-populated\">\n\t\t\t\t\t\t<div class=\"elementor-element elementor-element-7be4b34 elementor-widget elementor-widget-spacer\" data-id=\"7be4b34\" data-element_type=\"widget\" data-e-type=\"widget\" data-widget_type=\"spacer.default\">\n\t\t\t\t<div class=\"elementor-widget-container\">\n\t\t\t\t\t\t\t<div class=\"elementor-spacer\">\n\t\t\t<div class=\"elementor-spacer-inner\"><\/div>\n\t\t<\/div>\n\t\t\t\t\t\t<\/div>\n\t\t\t\t<\/div>\n\t\t\t\t\t<\/div>\n\t\t<\/div>\n\t\t\t\t\t<\/div>\n\t\t<\/section>\n\t\t<div class=\"elementor-element elementor-element-49d70d4 e-flex e-con-boxed e-con e-parent\" data-id=\"49d70d4\" data-element_type=\"container\" data-e-type=\"container\">\n\t\t\t\t\t<div class=\"e-con-inner\">\n\t\t<div class=\"elementor-element elementor-element-ecbe760 e-con-full e-flex e-con e-child\" data-id=\"ecbe760\" data-element_type=\"container\" data-e-type=\"container\">\n\t\t\t\t<\/div>\n\t\t<div class=\"elementor-element elementor-element-8db63e5 e-con-full e-flex e-con e-child\" data-id=\"8db63e5\" data-element_type=\"container\" data-e-type=\"container\">\n\t\t\t\t<\/div>\n\t\t<div class=\"elementor-element elementor-element-f2c8e92 e-con-full e-flex e-con e-child\" data-id=\"f2c8e92\" data-element_type=\"container\" data-e-type=\"container\">\n\t\t\t\t<div class=\"elementor-element elementor-element-788f3cf elementor-widget elementor-widget-text-editor\" data-id=\"788f3cf\" data-element_type=\"widget\" data-e-type=\"widget\" data-widget_type=\"text-editor.default\">\n\t\t\t\t<div class=\"elementor-widget-container\">\n\t\t\t\t\t\t\t\t\t<p style=\"font-family: Roboto, sans-serif; color: #000000; font-size: 16px;\">A Ag\u00eancia J\u00fanior Bento Quirino foi inaugurada no dia 02 de julho de 2018 e conta com um coordenador geral, tr\u00eas estagi\u00e1rios e dois funcion\u00e1rios, todos contratados mediante processo seletivo. A equipe \u00e9 respons\u00e1vel por toda demanda de marketing interna e externa da institui\u00e7\u00e3o, sempre em sintonia com todos os departamentos.<\/p><p style=\"font-family: Roboto, sans-serif; color: #000000; font-size: 16px;\">\u00c9 chamada de J\u00fanior, mas o trabalho \u00e9 de gente grande. O col\u00e9gio, assim como muitas universidades, quando pensam em instituir uma empresa J\u00fanior, sem fins lucrativos nenhum, tem como objetivo preparar os alunos para a vida profissional, al\u00e9m de promover a oportunidade de colocarem a teoria em pr\u00e1tica sem sair do col\u00e9gio.<\/p><p style=\"font-family: Roboto, sans-serif; color: #000000; font-size: 16px;\">Os membros da Ag\u00eancia negociam, planejam e executam os projetos, sob a supervis\u00e3o do coordenador geral. Mesmo parecendo um projeto muito voltado para o curso t\u00e9cnico de Publicidade, a ag\u00eancia colabora com todos os demais cursos.<\/p><p style=\"font-family: Roboto, sans-serif; color: #000000; font-size: 16px;\">A ag\u00eancia possui uma sala para as atividades, incluindo linha telef\u00f4nica, cotas de impress\u00e3o, luz, computadores atualizados, materiais de escrit\u00f3rio, internet, al\u00e9m de tr\u00eas bolsas de 100% para os membros efetivos. J\u00e1 o dinheiro recebido pelos servi\u00e7os executados para os clientes \u00e9 revertido em ajuda na manuten\u00e7\u00e3o e melhoria da Ag\u00eancia, at\u00e9 porque toda empresa J\u00fanior \u00e9 sem fins lucrativos.<\/p>\t\t\t\t\t\t\t\t<\/div>\n\t\t\t\t<\/div>\n\t\t\t\t<\/div>\n\t\t\t\t\t<\/div>\n\t\t\t\t<\/div>\n\t\t\t\t<section class=\"elementor-section elementor-top-section elementor-element elementor-element-c1edfe2 elementor-section-boxed elementor-section-height-default elementor-section-height-default\" data-id=\"c1edfe2\" data-element_type=\"section\" data-e-type=\"section\">\n\t\t\t\t\t\t<div class=\"elementor-container elementor-column-gap-default\">\n\t\t\t\t\t<div class=\"elementor-column elementor-col-100 elementor-top-column elementor-element elementor-element-17dc0f1\" data-id=\"17dc0f1\" data-element_type=\"column\" data-e-type=\"column\">\n\t\t\t<div class=\"elementor-widget-wrap elementor-element-populated\">\n\t\t\t\t\t\t<div class=\"elementor-element elementor-element-dfbdbc9 elementor-widget elementor-widget-image\" data-id=\"dfbdbc9\" data-element_type=\"widget\" data-e-type=\"widget\" data-widget_type=\"image.default\">\n\t\t\t\t<div class=\"elementor-widget-container\">\n\t\t\t\t\t\t\t\t\t\t\t\t\t\t\t<img decoding=\"async\" width=\"150\" height=\"150\" src=\"https:\/\/www.bentoquirino.com.br\/novo\/wp-content\/uploads\/2023\/02\/imagem_2023-02-07_175734927.png\" class=\"attachment-large size-large wp-image-63776\" alt=\"\" \/>\t\t\t\t\t\t\t\t\t\t\t\t\t\t\t<\/div>\n\t\t\t\t<\/div>\n\t\t\t\t\t<\/div>\n\t\t<\/div>\n\t\t\t\t\t<\/div>\n\t\t<\/section>\n\t\t\t\t<section class=\"elementor-section elementor-top-section elementor-element elementor-element-87a5e68 elementor-section-boxed elementor-section-height-default elementor-section-height-default\" data-id=\"87a5e68\" data-element_type=\"section\" data-e-type=\"section\">\n\t\t\t\t\t\t<div class=\"elementor-container elementor-column-gap-default\">\n\t\t\t\t\t<div class=\"elementor-column elementor-col-100 elementor-top-column elementor-element elementor-element-7e1d4db\" data-id=\"7e1d4db\" data-element_type=\"column\" data-e-type=\"column\">\n\t\t\t<div class=\"elementor-widget-wrap elementor-element-populated\">\n\t\t\t\t\t\t<div class=\"elementor-element elementor-element-11568e2 elementor-widget elementor-widget-spacer\" data-id=\"11568e2\" data-element_type=\"widget\" data-e-type=\"widget\" data-widget_type=\"spacer.default\">\n\t\t\t\t<div class=\"elementor-widget-container\">\n\t\t\t\t\t\t\t<div class=\"elementor-spacer\">\n\t\t\t<div class=\"elementor-spacer-inner\"><\/div>\n\t\t<\/div>\n\t\t\t\t\t\t<\/div>\n\t\t\t\t<\/div>\n\t\t\t\t\t<\/div>\n\t\t<\/div>\n\t\t\t\t\t<\/div>\n\t\t<\/section>\n\t\t\t\t<\/div>\n\t\t","protected":false},"excerpt":{"rendered":"<p>AG\u00caNCIA J\u00daNIOR BQ A Ag\u00eancia J\u00fanior Bento Quirino foi inaugurada no dia 02 de julho de 2018 e conta com um coordenador geral, tr\u00eas estagi\u00e1rios e dois funcion\u00e1rios, todos contratados mediante processo seletivo. A equipe \u00e9 respons\u00e1vel por toda demanda de marketing interna e externa da institui\u00e7\u00e3o, sempre em sintonia com todos os departamentos. \u00c9 &hellip; <a href=\"https:\/\/www.bentoquirino.com.br\/novo\/agencia-junior-2\/\" class=\"more-link\">Continue reading<span class=\"screen-reader-text\"> &#8220;Ag\u00eancia J\u00fanior&#8221;<\/span><\/a><\/p>\n","protected":false},"author":24,"featured_media":0,"parent":0,"menu_order":0,"comment_status":"closed","ping_status":"closed","template":"","meta":{"_acf_changed":false,"inline_featured_image":false,"footnotes":""},"categories":[],"tags":[],"class_list":["post-16754","page","type-page","status-publish","hentry"],"acf":[],"_links":{"self":[{"href":"https:\/\/www.bentoquirino.com.br\/novo\/wp-json\/wp\/v2\/pages\/16754","targetHints":{"allow":["GET"]}}],"collection":[{"href":"https:\/\/www.bentoquirino.com.br\/novo\/wp-json\/wp\/v2\/pages"}],"about":[{"href":"https:\/\/www.bentoquirino.com.br\/novo\/wp-json\/wp\/v2\/types\/page"}],"author":[{"embeddable":true,"href":"https:\/\/www.bentoquirino.com.br\/novo\/wp-json\/wp\/v2\/users\/24"}],"replies":[{"embeddable":true,"href":"https:\/\/www.bentoquirino.com.br\/novo\/wp-json\/wp\/v2\/comments?post=16754"}],"version-history":[{"count":74,"href":"https:\/\/www.bentoquirino.com.br\/novo\/wp-json\/wp\/v2\/pages\/16754\/revisions"}],"predecessor-version":[{"id":78925,"href":"https:\/\/www.bentoquirino.com.br\/novo\/wp-json\/wp\/v2\/pages\/16754\/revisions\/78925"}],"wp:attachment":[{"href":"https:\/\/www.bentoquirino.com.br\/novo\/wp-json\/wp\/v2\/media?parent=16754"}],"wp:term":[{"taxonomy":"category","embeddable":true,"href":"https:\/\/www.bentoquirino.com.br\/novo\/wp-json\/wp\/v2\/categories?post=16754"},{"taxonomy":"post_tag","embeddable":true,"href":"https:\/\/www.bentoquirino.com.br\/novo\/wp-json\/wp\/v2\/tags?post=16754"}],"curies":[{"name":"wp","href":"https:\/\/api.w.org\/{rel}","templated":true}]}}