{"id":31404,"date":"2019-07-08T14:27:07","date_gmt":"2019-07-08T17:27:07","guid":{"rendered":"http:\/\/www.bentoquirino.com.br\/novo\/?page_id=31404"},"modified":"2023-03-17T15:48:06","modified_gmt":"2023-03-17T18:48:06","slug":"ensino-dual-fundamental","status":"publish","type":"page","link":"https:\/\/www.bentoquirino.com.br\/novo\/ensino-dual-fundamental\/","title":{"rendered":"Ensino Dual &#8211; Fundamental"},"content":{"rendered":"\t\t<div data-elementor-type=\"wp-page\" data-elementor-id=\"31404\" class=\"elementor elementor-31404\" data-elementor-post-type=\"page\">\n\t\t\t\t\t\t<section class=\"elementor-section elementor-top-section elementor-element elementor-element-82bd73f elementor-section-full_width elementor-section-stretched elementor-section-height-default elementor-section-height-default\" data-id=\"82bd73f\" data-element_type=\"section\" data-e-type=\"section\" data-settings=\"{&quot;stretch_section&quot;:&quot;section-stretched&quot;}\">\n\t\t\t\t\t\t<div class=\"elementor-container elementor-column-gap-default\">\n\t\t\t\t\t<div class=\"elementor-column elementor-col-100 elementor-top-column elementor-element elementor-element-b7973cf\" data-id=\"b7973cf\" data-element_type=\"column\" data-e-type=\"column\">\n\t\t\t<div class=\"elementor-widget-wrap elementor-element-populated\">\n\t\t\t\t\t\t<div class=\"elementor-element elementor-element-5209635 elementor-widget elementor-widget-image\" data-id=\"5209635\" data-element_type=\"widget\" data-e-type=\"widget\" data-widget_type=\"image.default\">\n\t\t\t\t<div class=\"elementor-widget-container\">\n\t\t\t\t\t\t\t\t\t\t\t\t\t\t\t<img fetchpriority=\"high\" decoding=\"async\" width=\"5605\" height=\"1252\" src=\"https:\/\/www.bentoquirino.com.br\/novo\/wp-content\/uploads\/2023\/03\/SISTEMA-DUAL.png\" class=\"attachment-full size-full wp-image-65676\" alt=\"\" \/>\t\t\t\t\t\t\t\t\t\t\t\t\t\t\t<\/div>\n\t\t\t\t<\/div>\n\t\t\t\t\t<\/div>\n\t\t<\/div>\n\t\t\t\t\t<\/div>\n\t\t<\/section>\n\t\t\t\t<section class=\"elementor-section elementor-top-section elementor-element elementor-element-5bd9e9b elementor-section-boxed elementor-section-height-default elementor-section-height-default\" data-id=\"5bd9e9b\" data-element_type=\"section\" data-e-type=\"section\">\n\t\t\t\t\t\t<div class=\"elementor-container elementor-column-gap-default\">\n\t\t\t\t\t<div class=\"elementor-column elementor-col-100 elementor-top-column elementor-element elementor-element-2dc46a8\" data-id=\"2dc46a8\" data-element_type=\"column\" data-e-type=\"column\">\n\t\t\t<div class=\"elementor-widget-wrap elementor-element-populated\">\n\t\t\t\t\t\t<div class=\"elementor-element elementor-element-376eb89 elementor-nav-menu__align-center elementor-nav-menu--dropdown-tablet elementor-nav-menu__text-align-aside elementor-nav-menu--toggle elementor-nav-menu--burger elementor-widget elementor-widget-nav-menu\" data-id=\"376eb89\" data-element_type=\"widget\" data-e-type=\"widget\" data-settings=\"{&quot;layout&quot;:&quot;horizontal&quot;,&quot;submenu_icon&quot;:{&quot;value&quot;:&quot;&lt;svg aria-hidden=\\&quot;true\\&quot; class=\\&quot;e-font-icon-svg e-fas-caret-down\\&quot; viewBox=\\&quot;0 0 320 512\\&quot; xmlns=\\&quot;http:\\\/\\\/www.w3.org\\\/2000\\\/svg\\&quot;&gt;&lt;path d=\\&quot;M31.3 192h257.3c17.8 0 26.7 21.5 14.1 34.1L174.1 354.8c-7.8 7.8-20.5 7.8-28.3 0L17.2 226.1C4.6 213.5 13.5 192 31.3 192z\\&quot;&gt;&lt;\\\/path&gt;&lt;\\\/svg&gt;&quot;,&quot;library&quot;:&quot;fa-solid&quot;},&quot;toggle&quot;:&quot;burger&quot;}\" data-widget_type=\"nav-menu.default\">\n\t\t\t\t<div class=\"elementor-widget-container\">\n\t\t\t\t\t\t\t\t<nav aria-label=\"Menu\" class=\"elementor-nav-menu--main elementor-nav-menu__container elementor-nav-menu--layout-horizontal e--pointer-underline e--animation-fade\">\n\t\t\t\t<ul id=\"menu-1-376eb89\" class=\"elementor-nav-menu\"><li class=\"menu-item menu-item-type-custom menu-item-object-custom menu-item-68387\"><a href=\"https:\/\/www.bentoquirino.com.br\/novo\/o-bentinho-fundamental\/\" class=\"elementor-item\">O Bentinho<\/a><\/li>\n<li class=\"menu-item menu-item-type-custom menu-item-object-custom menu-item-68388\"><a href=\"https:\/\/www.bentoquirino.com.br\/novo\/ensino-dual-fundamental\/\" class=\"elementor-item\">Sistema DUAL<\/a><\/li>\n<li class=\"menu-item menu-item-type-custom menu-item-object-custom menu-item-68389\"><a href=\"https:\/\/www.bentoquirino.com.br\/novo\/laboratorios-fundamental\/\" class=\"elementor-item\">Fotos<\/a><\/li>\n<li class=\"menu-item menu-item-type-custom menu-item-object-custom menu-item-68390\"><a href=\"https:\/\/www.bentoquirino.com.br\/novo\/laboratorios-fundamental\/\" class=\"elementor-item\">Tour Virtual<\/a><\/li>\n<li class=\"menu-item menu-item-type-custom menu-item-object-custom menu-item-68391\"><a href=\"https:\/\/www.bentoquirino.com.br\/novo\/contato\/\" class=\"elementor-item\">Contato<\/a><\/li>\n<\/ul>\t\t\t<\/nav>\n\t\t\t\t\t<div class=\"elementor-menu-toggle\" role=\"button\" tabindex=\"0\" aria-label=\"Alternar menu\" aria-expanded=\"false\">\n\t\t\t<svg aria-hidden=\"true\" role=\"presentation\" class=\"elementor-menu-toggle__icon--open e-font-icon-svg e-eicon-menu-bar\" viewBox=\"0 0 1000 1000\" xmlns=\"http:\/\/www.w3.org\/2000\/svg\"><path d=\"M104 333H896C929 333 958 304 958 271S929 208 896 208H104C71 208 42 237 42 271S71 333 104 333ZM104 583H896C929 583 958 554 958 521S929 458 896 458H104C71 458 42 487 42 521S71 583 104 583ZM104 833H896C929 833 958 804 958 771S929 708 896 708H104C71 708 42 737 42 771S71 833 104 833Z\"><\/path><\/svg><svg aria-hidden=\"true\" role=\"presentation\" class=\"elementor-menu-toggle__icon--close e-font-icon-svg e-eicon-close\" viewBox=\"0 0 1000 1000\" xmlns=\"http:\/\/www.w3.org\/2000\/svg\"><path d=\"M742 167L500 408 258 167C246 154 233 150 217 150 196 150 179 158 167 167 154 179 150 196 150 212 150 229 154 242 171 254L408 500 167 742C138 771 138 800 167 829 196 858 225 858 254 829L496 587 738 829C750 842 767 846 783 846 800 846 817 842 829 829 842 817 846 804 846 783 846 767 842 750 829 737L588 500 833 258C863 229 863 200 833 171 804 137 775 137 742 167Z\"><\/path><\/svg>\t\t<\/div>\n\t\t\t\t\t<nav class=\"elementor-nav-menu--dropdown elementor-nav-menu__container\" aria-hidden=\"true\">\n\t\t\t\t<ul id=\"menu-2-376eb89\" class=\"elementor-nav-menu\"><li class=\"menu-item menu-item-type-custom menu-item-object-custom menu-item-68387\"><a href=\"https:\/\/www.bentoquirino.com.br\/novo\/o-bentinho-fundamental\/\" class=\"elementor-item\" tabindex=\"-1\">O Bentinho<\/a><\/li>\n<li class=\"menu-item menu-item-type-custom menu-item-object-custom menu-item-68388\"><a href=\"https:\/\/www.bentoquirino.com.br\/novo\/ensino-dual-fundamental\/\" class=\"elementor-item\" tabindex=\"-1\">Sistema DUAL<\/a><\/li>\n<li class=\"menu-item menu-item-type-custom menu-item-object-custom menu-item-68389\"><a href=\"https:\/\/www.bentoquirino.com.br\/novo\/laboratorios-fundamental\/\" class=\"elementor-item\" tabindex=\"-1\">Fotos<\/a><\/li>\n<li class=\"menu-item menu-item-type-custom menu-item-object-custom menu-item-68390\"><a href=\"https:\/\/www.bentoquirino.com.br\/novo\/laboratorios-fundamental\/\" class=\"elementor-item\" tabindex=\"-1\">Tour Virtual<\/a><\/li>\n<li class=\"menu-item menu-item-type-custom menu-item-object-custom menu-item-68391\"><a href=\"https:\/\/www.bentoquirino.com.br\/novo\/contato\/\" class=\"elementor-item\" tabindex=\"-1\">Contato<\/a><\/li>\n<\/ul>\t\t\t<\/nav>\n\t\t\t\t\t\t<\/div>\n\t\t\t\t<\/div>\n\t\t\t\t\t<\/div>\n\t\t<\/div>\n\t\t\t\t\t<\/div>\n\t\t<\/section>\n\t\t\t\t<section class=\"elementor-section elementor-top-section elementor-element elementor-element-74df1f3 elementor-section-boxed elementor-section-height-default elementor-section-height-default\" data-id=\"74df1f3\" data-element_type=\"section\" data-e-type=\"section\">\n\t\t\t\t\t\t<div class=\"elementor-container elementor-column-gap-default\">\n\t\t\t\t\t<div class=\"elementor-column elementor-col-100 elementor-top-column elementor-element elementor-element-790c639\" data-id=\"790c639\" data-element_type=\"column\" data-e-type=\"column\">\n\t\t\t<div class=\"elementor-widget-wrap elementor-element-populated\">\n\t\t\t\t\t\t<div class=\"elementor-element elementor-element-1749ff9 elementor-widget elementor-widget-spacer\" data-id=\"1749ff9\" data-element_type=\"widget\" data-e-type=\"widget\" data-widget_type=\"spacer.default\">\n\t\t\t\t<div class=\"elementor-widget-container\">\n\t\t\t\t\t\t\t<div class=\"elementor-spacer\">\n\t\t\t<div class=\"elementor-spacer-inner\"><\/div>\n\t\t<\/div>\n\t\t\t\t\t\t<\/div>\n\t\t\t\t<\/div>\n\t\t\t\t\t<\/div>\n\t\t<\/div>\n\t\t\t\t\t<\/div>\n\t\t<\/section>\n\t\t\t\t<section class=\"elementor-section elementor-top-section elementor-element elementor-element-894f01f elementor-section-boxed elementor-section-height-default elementor-section-height-default\" data-id=\"894f01f\" data-element_type=\"section\" data-e-type=\"section\">\n\t\t\t\t\t\t<div class=\"elementor-container elementor-column-gap-default\">\n\t\t\t\t\t<div class=\"elementor-column elementor-col-50 elementor-top-column elementor-element elementor-element-e2df40c\" data-id=\"e2df40c\" data-element_type=\"column\" data-e-type=\"column\">\n\t\t\t<div class=\"elementor-widget-wrap elementor-element-populated\">\n\t\t\t\t\t\t<div class=\"elementor-element elementor-element-0e5f450 elementor-widget elementor-widget-image\" data-id=\"0e5f450\" data-element_type=\"widget\" data-e-type=\"widget\" data-widget_type=\"image.default\">\n\t\t\t\t<div class=\"elementor-widget-container\">\n\t\t\t\t\t\t\t\t\t\t\t\t\t\t\t<img decoding=\"async\" width=\"540\" height=\"380\" src=\"https:\/\/www.bentoquirino.com.br\/novo\/wp-content\/uploads\/2023\/03\/divulgacao-fundamental-31-540x380-1.jpg\" class=\"attachment-large size-large wp-image-65673\" alt=\"escola\" \/>\t\t\t\t\t\t\t\t\t\t\t\t\t\t\t<\/div>\n\t\t\t\t<\/div>\n\t\t\t\t\t<\/div>\n\t\t<\/div>\n\t\t\t\t<div class=\"elementor-column elementor-col-50 elementor-top-column elementor-element elementor-element-c8f91cc\" data-id=\"c8f91cc\" data-element_type=\"column\" data-e-type=\"column\">\n\t\t\t<div class=\"elementor-widget-wrap elementor-element-populated\">\n\t\t\t\t\t\t<div class=\"elementor-element elementor-element-1708db0 elementor-widget elementor-widget-text-editor\" data-id=\"1708db0\" data-element_type=\"widget\" data-e-type=\"widget\" data-widget_type=\"text-editor.default\">\n\t\t\t\t<div class=\"elementor-widget-container\">\n\t\t\t\t\t\t\t\t\t<p>O Sistema Dual de Ensino, tradicionalmente, se refere ao sistema de ensino que une a teoria e a pr\u00e1tica no mesmo momento. Originalmente surgiu na Alemanha e logo foi adotado, tamb\u00e9m, pela Su\u00ed\u00e7a e \u00c1ustria. Atualmente, \u00e9 conhecido mundialmente e adotado em diversos pa\u00edses.<\/p><p>Inspirado nesta exitosa experi\u00eancia o Col\u00e9gio T\u00e9cnico Bento Quirino, por seu corpo docente, desenvolveu metodologia pr\u00f3pria para levar aos jovens do ensino fundamental, a partir do n\u00edvel II, conhecimento pr\u00e1tico das principais profiss\u00f5es, capazes de \u201cDespertar Voca\u00e7\u00f5es\u201d. Ao longo das quatro s\u00e9ries que comp\u00f5em este n\u00edvel de ensino, ser\u00e3o apresentadas as principais profiss\u00f5es, por meio de professores habilitados, adotando m\u00e9todos expositivos claros, com demonstra\u00e7\u00f5es pr\u00e1ticas do desempenho das profiss\u00f5es, tudo em ambientes controlados.<\/p><p>Com apresenta\u00e7\u00f5es din\u00e2micas e interativas, pretendemos que sejam esclarecidas d\u00favidas do que e como um profissional, j\u00e1 formado, desempenha suas fun\u00e7\u00f5es, resolve seus problemas e contribui para a constru\u00e7\u00e3o de mundo melhor, pelo uso do conhecimento, com \u00e9tica e com responsabilidade social.<\/p><p>Temos a convic\u00e7\u00e3o que estes jovens, poder\u00e3o amanh\u00e3 tomar uma decis\u00e3o assertiva da profiss\u00e3o que ir\u00e3o abra\u00e7ar, com a certeza do que escolheram uma profiss\u00e3o inteiramente vocacionada, com respeito a suas pr\u00f3prias individualidades e afinidades.<\/p><p>O Col\u00e9gio T\u00e9cnico Bento Quirino, por seus mais de 100 anos dedicados ao ensino, se sente confort\u00e1vel em abra\u00e7ar este desafio que lhe foi imposto por pais e respons\u00e1veis preocupados em dar, n\u00e3o s\u00f3 uma boa forma\u00e7\u00e3o escolar aos seus filhos, mas principalmente em fornecer uma educa\u00e7\u00e3o que possibilitasse, hoje, desenvolver a confian\u00e7a da escolha de uma profiss\u00e3o capaz de vencer os desafios e exig\u00eancias que o universo de trabalho exigir\u00e1 de cada um, amanh\u00e3.<\/p><p>Temos o prazer em convid\u00e1-lo a vir conhecer nossos ambientes educacionais, maiores detalhes desta inovadora motiva\u00e7\u00e3o educacional e a fazer a op\u00e7\u00e3o acertada matriculando seu\/sua filho(a) no \u201cBentinho\u201d, como \u00e9 carinhosamente chamada pela nossa comunidade.<\/p>\t\t\t\t\t\t\t\t<\/div>\n\t\t\t\t<\/div>\n\t\t\t\t\t<\/div>\n\t\t<\/div>\n\t\t\t\t\t<\/div>\n\t\t<\/section>\n\t\t\t\t<section class=\"elementor-section elementor-top-section elementor-element elementor-element-1e2840e elementor-section-boxed elementor-section-height-default elementor-section-height-default\" data-id=\"1e2840e\" data-element_type=\"section\" data-e-type=\"section\">\n\t\t\t\t\t\t<div class=\"elementor-container elementor-column-gap-default\">\n\t\t\t\t\t<div class=\"elementor-column elementor-col-100 elementor-top-column elementor-element elementor-element-755d22f\" data-id=\"755d22f\" data-element_type=\"column\" data-e-type=\"column\">\n\t\t\t<div class=\"elementor-widget-wrap elementor-element-populated\">\n\t\t\t\t\t\t<div class=\"elementor-element elementor-element-56e495f elementor-widget elementor-widget-spacer\" data-id=\"56e495f\" data-element_type=\"widget\" data-e-type=\"widget\" data-widget_type=\"spacer.default\">\n\t\t\t\t<div class=\"elementor-widget-container\">\n\t\t\t\t\t\t\t<div class=\"elementor-spacer\">\n\t\t\t<div class=\"elementor-spacer-inner\"><\/div>\n\t\t<\/div>\n\t\t\t\t\t\t<\/div>\n\t\t\t\t<\/div>\n\t\t\t\t\t<\/div>\n\t\t<\/div>\n\t\t\t\t\t<\/div>\n\t\t<\/section>\n\t\t\t\t<\/div>\n\t\t","protected":false},"excerpt":{"rendered":"<p>O Sistema Dual de Ensino, tradicionalmente, se refere ao sistema de ensino que une a teoria e a pr\u00e1tica no mesmo momento. Originalmente surgiu na Alemanha e logo foi adotado, tamb\u00e9m, pela Su\u00ed\u00e7a e \u00c1ustria. Atualmente, \u00e9 conhecido mundialmente e adotado em diversos pa\u00edses. Inspirado nesta exitosa experi\u00eancia o Col\u00e9gio T\u00e9cnico Bento Quirino, por seu &hellip; <a href=\"https:\/\/www.bentoquirino.com.br\/novo\/ensino-dual-fundamental\/\" class=\"more-link\">Continue reading<span class=\"screen-reader-text\"> &#8220;Ensino Dual &#8211; Fundamental&#8221;<\/span><\/a><\/p>\n","protected":false},"author":24,"featured_media":0,"parent":0,"menu_order":0,"comment_status":"closed","ping_status":"closed","template":"","meta":{"_acf_changed":false,"inline_featured_image":false,"footnotes":""},"categories":[],"tags":[],"class_list":["post-31404","page","type-page","status-publish","hentry"],"acf":[],"_links":{"self":[{"href":"https:\/\/www.bentoquirino.com.br\/novo\/wp-json\/wp\/v2\/pages\/31404","targetHints":{"allow":["GET"]}}],"collection":[{"href":"https:\/\/www.bentoquirino.com.br\/novo\/wp-json\/wp\/v2\/pages"}],"about":[{"href":"https:\/\/www.bentoquirino.com.br\/novo\/wp-json\/wp\/v2\/types\/page"}],"author":[{"embeddable":true,"href":"https:\/\/www.bentoquirino.com.br\/novo\/wp-json\/wp\/v2\/users\/24"}],"replies":[{"embeddable":true,"href":"https:\/\/www.bentoquirino.com.br\/novo\/wp-json\/wp\/v2\/comments?post=31404"}],"version-history":[{"count":28,"href":"https:\/\/www.bentoquirino.com.br\/novo\/wp-json\/wp\/v2\/pages\/31404\/revisions"}],"predecessor-version":[{"id":65682,"href":"https:\/\/www.bentoquirino.com.br\/novo\/wp-json\/wp\/v2\/pages\/31404\/revisions\/65682"}],"wp:attachment":[{"href":"https:\/\/www.bentoquirino.com.br\/novo\/wp-json\/wp\/v2\/media?parent=31404"}],"wp:term":[{"taxonomy":"category","embeddable":true,"href":"https:\/\/www.bentoquirino.com.br\/novo\/wp-json\/wp\/v2\/categories?post=31404"},{"taxonomy":"post_tag","embeddable":true,"href":"https:\/\/www.bentoquirino.com.br\/novo\/wp-json\/wp\/v2\/tags?post=31404"}],"curies":[{"name":"wp","href":"https:\/\/api.w.org\/{rel}","templated":true}]}}