{"id":31408,"date":"2019-07-08T14:34:37","date_gmt":"2019-07-08T17:34:37","guid":{"rendered":"http:\/\/www.bentoquirino.com.br\/novo\/?page_id=31408"},"modified":"2023-04-18T14:07:16","modified_gmt":"2023-04-18T17:07:16","slug":"o-bentinho-fundamental","status":"publish","type":"page","link":"https:\/\/www.bentoquirino.com.br\/novo\/o-bentinho-fundamental\/","title":{"rendered":"O Bentinho &#8211; Fundamental"},"content":{"rendered":"\t\t<div data-elementor-type=\"wp-page\" data-elementor-id=\"31408\" class=\"elementor elementor-31408\" data-elementor-post-type=\"page\">\n\t\t\t\t\t\t<section class=\"elementor-section elementor-top-section elementor-element elementor-element-b8bf525 elementor-section-stretched elementor-section-full_width elementor-section-height-default elementor-section-height-default\" data-id=\"b8bf525\" data-element_type=\"section\" data-e-type=\"section\" data-settings=\"{&quot;stretch_section&quot;:&quot;section-stretched&quot;}\">\n\t\t\t\t\t\t<div class=\"elementor-container elementor-column-gap-custom\">\n\t\t\t\t\t<div class=\"elementor-column elementor-col-100 elementor-top-column elementor-element elementor-element-1fbd4e5\" data-id=\"1fbd4e5\" data-element_type=\"column\" data-e-type=\"column\">\n\t\t\t<div class=\"elementor-widget-wrap elementor-element-populated\">\n\t\t\t\t\t\t<div class=\"elementor-element elementor-element-7d87b24 elementor-widget elementor-widget-image\" data-id=\"7d87b24\" data-element_type=\"widget\" data-e-type=\"widget\" data-widget_type=\"image.default\">\n\t\t\t\t<div class=\"elementor-widget-container\">\n\t\t\t\t\t\t\t\t\t\t\t\t\t\t\t<img fetchpriority=\"high\" decoding=\"async\" width=\"5605\" height=\"1252\" src=\"https:\/\/www.bentoquirino.com.br\/novo\/wp-content\/uploads\/2023\/03\/O-BENTINHO.png\" class=\"attachment-full size-full wp-image-65665\" alt=\"\" \/>\t\t\t\t\t\t\t\t\t\t\t\t\t\t\t<\/div>\n\t\t\t\t<\/div>\n\t\t\t\t\t<\/div>\n\t\t<\/div>\n\t\t\t\t\t<\/div>\n\t\t<\/section>\n\t\t\t\t<section class=\"elementor-section elementor-top-section elementor-element elementor-element-18a4273 elementor-section-boxed elementor-section-height-default elementor-section-height-default\" data-id=\"18a4273\" data-element_type=\"section\" data-e-type=\"section\">\n\t\t\t\t\t\t<div class=\"elementor-container elementor-column-gap-default\">\n\t\t\t\t\t<div class=\"elementor-column elementor-col-100 elementor-top-column elementor-element elementor-element-3de4312\" data-id=\"3de4312\" data-element_type=\"column\" data-e-type=\"column\">\n\t\t\t<div class=\"elementor-widget-wrap elementor-element-populated\">\n\t\t\t\t\t\t<div class=\"elementor-element elementor-element-541d4d1 elementor-nav-menu__align-center elementor-nav-menu--dropdown-tablet elementor-nav-menu__text-align-aside elementor-nav-menu--toggle elementor-nav-menu--burger elementor-widget elementor-widget-nav-menu\" data-id=\"541d4d1\" data-element_type=\"widget\" data-e-type=\"widget\" data-settings=\"{&quot;layout&quot;:&quot;horizontal&quot;,&quot;submenu_icon&quot;:{&quot;value&quot;:&quot;&lt;svg aria-hidden=\\&quot;true\\&quot; class=\\&quot;e-font-icon-svg e-fas-caret-down\\&quot; viewBox=\\&quot;0 0 320 512\\&quot; xmlns=\\&quot;http:\\\/\\\/www.w3.org\\\/2000\\\/svg\\&quot;&gt;&lt;path d=\\&quot;M31.3 192h257.3c17.8 0 26.7 21.5 14.1 34.1L174.1 354.8c-7.8 7.8-20.5 7.8-28.3 0L17.2 226.1C4.6 213.5 13.5 192 31.3 192z\\&quot;&gt;&lt;\\\/path&gt;&lt;\\\/svg&gt;&quot;,&quot;library&quot;:&quot;fa-solid&quot;},&quot;toggle&quot;:&quot;burger&quot;}\" data-widget_type=\"nav-menu.default\">\n\t\t\t\t<div class=\"elementor-widget-container\">\n\t\t\t\t\t\t\t\t<nav aria-label=\"Menu\" class=\"elementor-nav-menu--main elementor-nav-menu__container elementor-nav-menu--layout-horizontal e--pointer-underline e--animation-fade\">\n\t\t\t\t<ul id=\"menu-1-541d4d1\" class=\"elementor-nav-menu\"><li class=\"menu-item menu-item-type-custom menu-item-object-custom menu-item-68387\"><a href=\"https:\/\/www.bentoquirino.com.br\/novo\/o-bentinho-fundamental\/\" class=\"elementor-item\">O Bentinho<\/a><\/li>\n<li class=\"menu-item menu-item-type-custom menu-item-object-custom menu-item-68388\"><a href=\"https:\/\/www.bentoquirino.com.br\/novo\/ensino-dual-fundamental\/\" class=\"elementor-item\">Sistema DUAL<\/a><\/li>\n<li class=\"menu-item menu-item-type-custom menu-item-object-custom menu-item-68389\"><a href=\"https:\/\/www.bentoquirino.com.br\/novo\/laboratorios-fundamental\/\" class=\"elementor-item\">Fotos<\/a><\/li>\n<li class=\"menu-item menu-item-type-custom menu-item-object-custom menu-item-68390\"><a href=\"https:\/\/www.bentoquirino.com.br\/novo\/laboratorios-fundamental\/\" class=\"elementor-item\">Tour Virtual<\/a><\/li>\n<li class=\"menu-item menu-item-type-custom menu-item-object-custom menu-item-68391\"><a href=\"https:\/\/www.bentoquirino.com.br\/novo\/contato\/\" class=\"elementor-item\">Contato<\/a><\/li>\n<\/ul>\t\t\t<\/nav>\n\t\t\t\t\t<div class=\"elementor-menu-toggle\" role=\"button\" tabindex=\"0\" aria-label=\"Alternar menu\" aria-expanded=\"false\">\n\t\t\t<svg aria-hidden=\"true\" role=\"presentation\" class=\"elementor-menu-toggle__icon--open e-font-icon-svg e-eicon-menu-bar\" viewBox=\"0 0 1000 1000\" xmlns=\"http:\/\/www.w3.org\/2000\/svg\"><path d=\"M104 333H896C929 333 958 304 958 271S929 208 896 208H104C71 208 42 237 42 271S71 333 104 333ZM104 583H896C929 583 958 554 958 521S929 458 896 458H104C71 458 42 487 42 521S71 583 104 583ZM104 833H896C929 833 958 804 958 771S929 708 896 708H104C71 708 42 737 42 771S71 833 104 833Z\"><\/path><\/svg><svg aria-hidden=\"true\" role=\"presentation\" class=\"elementor-menu-toggle__icon--close e-font-icon-svg e-eicon-close\" viewBox=\"0 0 1000 1000\" xmlns=\"http:\/\/www.w3.org\/2000\/svg\"><path d=\"M742 167L500 408 258 167C246 154 233 150 217 150 196 150 179 158 167 167 154 179 150 196 150 212 150 229 154 242 171 254L408 500 167 742C138 771 138 800 167 829 196 858 225 858 254 829L496 587 738 829C750 842 767 846 783 846 800 846 817 842 829 829 842 817 846 804 846 783 846 767 842 750 829 737L588 500 833 258C863 229 863 200 833 171 804 137 775 137 742 167Z\"><\/path><\/svg>\t\t<\/div>\n\t\t\t\t\t<nav class=\"elementor-nav-menu--dropdown elementor-nav-menu__container\" aria-hidden=\"true\">\n\t\t\t\t<ul id=\"menu-2-541d4d1\" class=\"elementor-nav-menu\"><li class=\"menu-item menu-item-type-custom menu-item-object-custom menu-item-68387\"><a href=\"https:\/\/www.bentoquirino.com.br\/novo\/o-bentinho-fundamental\/\" class=\"elementor-item\" tabindex=\"-1\">O Bentinho<\/a><\/li>\n<li class=\"menu-item menu-item-type-custom menu-item-object-custom menu-item-68388\"><a href=\"https:\/\/www.bentoquirino.com.br\/novo\/ensino-dual-fundamental\/\" class=\"elementor-item\" tabindex=\"-1\">Sistema DUAL<\/a><\/li>\n<li class=\"menu-item menu-item-type-custom menu-item-object-custom menu-item-68389\"><a href=\"https:\/\/www.bentoquirino.com.br\/novo\/laboratorios-fundamental\/\" class=\"elementor-item\" tabindex=\"-1\">Fotos<\/a><\/li>\n<li class=\"menu-item menu-item-type-custom menu-item-object-custom menu-item-68390\"><a href=\"https:\/\/www.bentoquirino.com.br\/novo\/laboratorios-fundamental\/\" class=\"elementor-item\" tabindex=\"-1\">Tour Virtual<\/a><\/li>\n<li class=\"menu-item menu-item-type-custom menu-item-object-custom menu-item-68391\"><a href=\"https:\/\/www.bentoquirino.com.br\/novo\/contato\/\" class=\"elementor-item\" tabindex=\"-1\">Contato<\/a><\/li>\n<\/ul>\t\t\t<\/nav>\n\t\t\t\t\t\t<\/div>\n\t\t\t\t<\/div>\n\t\t\t\t\t<\/div>\n\t\t<\/div>\n\t\t\t\t\t<\/div>\n\t\t<\/section>\n\t\t\t\t<section class=\"elementor-section elementor-top-section elementor-element elementor-element-3bdea80 elementor-section-boxed elementor-section-height-default elementor-section-height-default\" data-id=\"3bdea80\" data-element_type=\"section\" data-e-type=\"section\">\n\t\t\t\t\t\t<div class=\"elementor-container elementor-column-gap-default\">\n\t\t\t\t\t<div class=\"elementor-column elementor-col-100 elementor-top-column elementor-element elementor-element-2f7a43b\" data-id=\"2f7a43b\" data-element_type=\"column\" data-e-type=\"column\">\n\t\t\t<div class=\"elementor-widget-wrap elementor-element-populated\">\n\t\t\t\t\t\t<div class=\"elementor-element elementor-element-1acdc24 elementor-widget elementor-widget-spacer\" data-id=\"1acdc24\" data-element_type=\"widget\" data-e-type=\"widget\" data-widget_type=\"spacer.default\">\n\t\t\t\t<div class=\"elementor-widget-container\">\n\t\t\t\t\t\t\t<div class=\"elementor-spacer\">\n\t\t\t<div class=\"elementor-spacer-inner\"><\/div>\n\t\t<\/div>\n\t\t\t\t\t\t<\/div>\n\t\t\t\t<\/div>\n\t\t\t\t\t<\/div>\n\t\t<\/div>\n\t\t\t\t\t<\/div>\n\t\t<\/section>\n\t\t\t\t<section class=\"elementor-section elementor-top-section elementor-element elementor-element-848edb1 elementor-section-boxed elementor-section-height-default elementor-section-height-default\" data-id=\"848edb1\" data-element_type=\"section\" data-e-type=\"section\">\n\t\t\t\t\t\t<div class=\"elementor-container elementor-column-gap-default\">\n\t\t\t\t\t<div class=\"elementor-column elementor-col-50 elementor-top-column elementor-element elementor-element-0a26f12\" data-id=\"0a26f12\" data-element_type=\"column\" data-e-type=\"column\">\n\t\t\t<div class=\"elementor-widget-wrap elementor-element-populated\">\n\t\t\t\t\t\t<div class=\"elementor-element elementor-element-1557445 elementor-widget elementor-widget-text-editor\" data-id=\"1557445\" data-element_type=\"widget\" data-e-type=\"widget\" data-widget_type=\"text-editor.default\">\n\t\t\t\t<div class=\"elementor-widget-container\">\n\t\t\t\t\t\t\t\t\t<p>Vamos conhecer um pouco do Col\u00e9gio T\u00e9cnico Bento Quirino.<\/p><p>Com exist\u00eancia e tradi\u00e7\u00e3o com mais de 110 anos de qualidade na presta\u00e7\u00e3o de servi\u00e7os educacionais, o Col\u00e9gio T\u00e9cnico Bento Quirino, ou \u201cBentinho\u201d, como \u00e9 carinhosamente conhecido, foi o 1\u00ba Col\u00e9gio T\u00e9cnico Profissionalizante de Campinas e o 3\u00ba do pa\u00eds.<\/p><p>Localizado no munic\u00edpio de Campinas, o col\u00e9gio, que conta com mais de 2.500, oferece Ensino M\u00e9dio, 20 Cursos T\u00e9cnicos Profissionalizantes em diferentes \u00e1reas, Cursos de Especializa\u00e7\u00e3o de N\u00edvel M\u00e9dio, e recentemente passamos a oferecer tamb\u00e9m o Ensino Fundamental II (6\u00ba ao 9\u00ba ano)<\/p><p>Oferecemos Cursos T\u00e9cnicos Profissionalizantes, tanto para os candidatos que conclu\u00edram o Ensino Fundamental (8\u00aa S\u00e9rie \u2013 9\u00b0 Ano), que neste caso, cursar\u00e3o o Curso T\u00e9cnico concomitantemente (junto) com o Ensino M\u00e9dio \u2013 com a dura\u00e7\u00e3o de tr\u00eas anos, como para os candidatos que j\u00e1 conclu\u00edram o Ensino M\u00e9dio, que cursar\u00e3o apenas o Curso T\u00e9cnico \u2013 com dura\u00e7\u00e3o de 01 ano, ou de 01 ano e meio, dependendo da carga hor\u00e1ria do curso pretendido.<\/p><p>Nossos Cursos T\u00e9cnicos: Administra\u00e7\u00e3o, An\u00e1lises Cl\u00ednicas, An\u00e1lises Qu\u00edmicas, Automa\u00e7\u00e3o Industrial, Biotecnologia, Com\u00e9rcio Exterior, Comunica\u00e7\u00e3o Visual, Edifica\u00e7\u00f5es, Eletr\u00f4nica, Enfermagem, Farm\u00e1cia, Inform\u00e1tica, Log\u00edstica, Mecatr\u00f4nica, Nutri\u00e7\u00e3o e Diet\u00e9tica, Programa\u00e7\u00e3o de Jogos Digitais, Publicidade, Qu\u00edmica, Radiologia, Seguran\u00e7a do Trabalho e Transa\u00e7\u00f5es Imobili\u00e1rias.<\/p><p>Nossos Cursos de Especializa\u00e7\u00e3o de N\u00edvel M\u00e9dio: Especializa\u00e7\u00e3o em Meio-Ambiente e Especializa\u00e7\u00e3o em Enfermagem do Trabalho.<\/p><p>Nosso col\u00e9gio j\u00e1 se adaptou as novas exig\u00eancias legais, sem onerar valores na anuidade, isso faz com que os estudantes consigam concluir seus cursos e obtenham dois diplomas legais, o do Ensino M\u00e9dio, que habilita os prosseguimentos nos estudos no Ensino Superior e outro na Educa\u00e7\u00e3o Profissional T\u00e9cnica, que habilita ao exerc\u00edcio profissional da \u00e1rea escolhida, com a qualidade de servi\u00e7o ISO 9001:2015.<\/p><p>\u00c9 desta maneira que mantemos nossa tradi\u00e7\u00e3o com mais de 110 anos de pioneirismo e bons servi\u00e7os prestados \u00e0 comunidade.<\/p><p>MAIS DE 110 ANOS DE TRADI\u00c7\u00c3O E QUALIDADE.<\/p><p>CERTIFICA\u00c7\u00c3O ISO 9001:2015 EM TODOS OS CURSOS T\u00c9CNICOS E NAS ESPECIALIZA\u00c7\u00d5ES.<\/p>\t\t\t\t\t\t\t\t<\/div>\n\t\t\t\t<\/div>\n\t\t\t\t<div class=\"elementor-element elementor-element-13b6ece elementor-widget elementor-widget-image\" data-id=\"13b6ece\" data-element_type=\"widget\" data-e-type=\"widget\" data-widget_type=\"image.default\">\n\t\t\t\t<div class=\"elementor-widget-container\">\n\t\t\t\t\t\t\t\t\t\t\t\t\t\t\t<img decoding=\"async\" width=\"840\" height=\"559\" src=\"https:\/\/www.bentoquirino.com.br\/novo\/wp-content\/uploads\/2023\/01\/imagem_2023-01-23_111516900-1024x682.png\" class=\"attachment-large size-large wp-image-62341\" alt=\"\" \/>\t\t\t\t\t\t\t\t\t\t\t\t\t\t\t<\/div>\n\t\t\t\t<\/div>\n\t\t\t\t\t<\/div>\n\t\t<\/div>\n\t\t\t\t<div class=\"elementor-column elementor-col-50 elementor-top-column elementor-element elementor-element-bfedaf1\" data-id=\"bfedaf1\" data-element_type=\"column\" data-e-type=\"column\">\n\t\t\t<div class=\"elementor-widget-wrap elementor-element-populated\">\n\t\t\t\t\t\t<div class=\"elementor-element elementor-element-9edb41a elementor-widget elementor-widget-image\" data-id=\"9edb41a\" data-element_type=\"widget\" data-e-type=\"widget\" data-widget_type=\"image.default\">\n\t\t\t\t<div class=\"elementor-widget-container\">\n\t\t\t\t\t\t\t\t\t\t\t\t\t\t\t\t<a href=\"https:\/\/www.bentoquirino.com.br\/novo\/tour-virtual\/\">\n\t\t\t\t\t\t\t<img decoding=\"async\" width=\"220\" height=\"430\" src=\"https:\/\/www.bentoquirino.com.br\/novo\/wp-content\/uploads\/2023\/03\/tour-virtual-220x430-1.png\" class=\"attachment-large size-large wp-image-65664\" alt=\"\" \/>\t\t\t\t\t\t\t\t<\/a>\n\t\t\t\t\t\t\t\t\t\t\t\t\t\t\t<\/div>\n\t\t\t\t<\/div>\n\t\t\t\t\t<\/div>\n\t\t<\/div>\n\t\t\t\t\t<\/div>\n\t\t<\/section>\n\t\t\t\t<section class=\"elementor-section elementor-top-section elementor-element elementor-element-88f6d99 elementor-section-boxed elementor-section-height-default elementor-section-height-default\" data-id=\"88f6d99\" data-element_type=\"section\" data-e-type=\"section\">\n\t\t\t\t\t\t<div class=\"elementor-container elementor-column-gap-default\">\n\t\t\t\t\t<div class=\"elementor-column elementor-col-100 elementor-top-column elementor-element elementor-element-4b26453\" data-id=\"4b26453\" data-element_type=\"column\" data-e-type=\"column\">\n\t\t\t<div class=\"elementor-widget-wrap elementor-element-populated\">\n\t\t\t\t\t\t<div class=\"elementor-element elementor-element-667ceec elementor-widget elementor-widget-spacer\" data-id=\"667ceec\" data-element_type=\"widget\" data-e-type=\"widget\" data-widget_type=\"spacer.default\">\n\t\t\t\t<div class=\"elementor-widget-container\">\n\t\t\t\t\t\t\t<div class=\"elementor-spacer\">\n\t\t\t<div class=\"elementor-spacer-inner\"><\/div>\n\t\t<\/div>\n\t\t\t\t\t\t<\/div>\n\t\t\t\t<\/div>\n\t\t\t\t\t<\/div>\n\t\t<\/div>\n\t\t\t\t\t<\/div>\n\t\t<\/section>\n\t\t\t\t<\/div>\n\t\t","protected":false},"excerpt":{"rendered":"<p>Vamos conhecer um pouco do Col\u00e9gio T\u00e9cnico Bento Quirino. Com exist\u00eancia e tradi\u00e7\u00e3o com mais de 110 anos de qualidade na presta\u00e7\u00e3o de servi\u00e7os educacionais, o Col\u00e9gio T\u00e9cnico Bento Quirino, ou \u201cBentinho\u201d, como \u00e9 carinhosamente conhecido, foi o 1\u00ba Col\u00e9gio T\u00e9cnico Profissionalizante de Campinas e o 3\u00ba do pa\u00eds. Localizado no munic\u00edpio de Campinas, o &hellip; <a href=\"https:\/\/www.bentoquirino.com.br\/novo\/o-bentinho-fundamental\/\" class=\"more-link\">Continue reading<span class=\"screen-reader-text\"> &#8220;O Bentinho &#8211; Fundamental&#8221;<\/span><\/a><\/p>\n","protected":false},"author":24,"featured_media":0,"parent":0,"menu_order":0,"comment_status":"closed","ping_status":"closed","template":"","meta":{"_acf_changed":false,"inline_featured_image":false,"footnotes":""},"categories":[],"tags":[],"class_list":["post-31408","page","type-page","status-publish","hentry"],"acf":[],"_links":{"self":[{"href":"https:\/\/www.bentoquirino.com.br\/novo\/wp-json\/wp\/v2\/pages\/31408","targetHints":{"allow":["GET"]}}],"collection":[{"href":"https:\/\/www.bentoquirino.com.br\/novo\/wp-json\/wp\/v2\/pages"}],"about":[{"href":"https:\/\/www.bentoquirino.com.br\/novo\/wp-json\/wp\/v2\/types\/page"}],"author":[{"embeddable":true,"href":"https:\/\/www.bentoquirino.com.br\/novo\/wp-json\/wp\/v2\/users\/24"}],"replies":[{"embeddable":true,"href":"https:\/\/www.bentoquirino.com.br\/novo\/wp-json\/wp\/v2\/comments?post=31408"}],"version-history":[{"count":39,"href":"https:\/\/www.bentoquirino.com.br\/novo\/wp-json\/wp\/v2\/pages\/31408\/revisions"}],"predecessor-version":[{"id":66292,"href":"https:\/\/www.bentoquirino.com.br\/novo\/wp-json\/wp\/v2\/pages\/31408\/revisions\/66292"}],"wp:attachment":[{"href":"https:\/\/www.bentoquirino.com.br\/novo\/wp-json\/wp\/v2\/media?parent=31408"}],"wp:term":[{"taxonomy":"category","embeddable":true,"href":"https:\/\/www.bentoquirino.com.br\/novo\/wp-json\/wp\/v2\/categories?post=31408"},{"taxonomy":"post_tag","embeddable":true,"href":"https:\/\/www.bentoquirino.com.br\/novo\/wp-json\/wp\/v2\/tags?post=31408"}],"curies":[{"name":"wp","href":"https:\/\/api.w.org\/{rel}","templated":true}]}}