{"id":524,"date":"2016-09-29T03:43:16","date_gmt":"2016-09-29T06:43:16","guid":{"rendered":"http:\/\/www.bentoquirino.com.br\/bentoquirino_wp\/?page_id=524"},"modified":"2023-02-24T16:02:15","modified_gmt":"2023-02-24T19:02:15","slug":"biblioteca","status":"publish","type":"page","link":"https:\/\/www.bentoquirino.com.br\/novo\/biblioteca\/","title":{"rendered":"Biblioteca"},"content":{"rendered":"\t\t<div data-elementor-type=\"wp-page\" data-elementor-id=\"524\" class=\"elementor elementor-524\" data-elementor-post-type=\"page\">\n\t\t\t\t\t\t<section class=\"elementor-section elementor-top-section elementor-element elementor-element-499ca47 elementor-section-stretched elementor-section-boxed elementor-section-height-default elementor-section-height-default\" data-id=\"499ca47\" data-element_type=\"section\" data-e-type=\"section\" data-settings=\"{&quot;stretch_section&quot;:&quot;section-stretched&quot;,&quot;background_background&quot;:&quot;classic&quot;}\">\n\t\t\t\t\t\t<div class=\"elementor-container elementor-column-gap-default\">\n\t\t\t\t\t<div class=\"elementor-column elementor-col-100 elementor-top-column elementor-element elementor-element-fed0533\" data-id=\"fed0533\" data-element_type=\"column\" data-e-type=\"column\">\n\t\t\t<div class=\"elementor-widget-wrap elementor-element-populated\">\n\t\t\t\t\t\t<div class=\"elementor-element elementor-element-2da2144 elementor-widget elementor-widget-heading\" data-id=\"2da2144\" data-element_type=\"widget\" data-e-type=\"widget\" data-widget_type=\"heading.default\">\n\t\t\t\t<div class=\"elementor-widget-container\">\n\t\t\t\t\t<h2 class=\"elementor-heading-title elementor-size-default\">BIBLIOTECA<\/h2>\t\t\t\t<\/div>\n\t\t\t\t<\/div>\n\t\t\t\t\t<\/div>\n\t\t<\/div>\n\t\t\t\t\t<\/div>\n\t\t<\/section>\n\t\t\t\t<section class=\"elementor-section elementor-top-section elementor-element elementor-element-095a961 elementor-section-boxed elementor-section-height-default elementor-section-height-default\" data-id=\"095a961\" data-element_type=\"section\" data-e-type=\"section\">\n\t\t\t\t\t\t<div class=\"elementor-container elementor-column-gap-default\">\n\t\t\t\t\t<div class=\"elementor-column elementor-col-100 elementor-top-column elementor-element elementor-element-a1398b2\" data-id=\"a1398b2\" data-element_type=\"column\" data-e-type=\"column\">\n\t\t\t<div class=\"elementor-widget-wrap elementor-element-populated\">\n\t\t\t\t\t\t<div class=\"elementor-element elementor-element-a6c82ac elementor-widget elementor-widget-spacer\" data-id=\"a6c82ac\" data-element_type=\"widget\" data-e-type=\"widget\" data-widget_type=\"spacer.default\">\n\t\t\t\t<div class=\"elementor-widget-container\">\n\t\t\t\t\t\t\t<div class=\"elementor-spacer\">\n\t\t\t<div class=\"elementor-spacer-inner\"><\/div>\n\t\t<\/div>\n\t\t\t\t\t\t<\/div>\n\t\t\t\t<\/div>\n\t\t\t\t\t<\/div>\n\t\t<\/div>\n\t\t\t\t\t<\/div>\n\t\t<\/section>\n\t\t\t\t<section class=\"elementor-section elementor-top-section elementor-element elementor-element-c8375ef elementor-section-boxed elementor-section-height-default elementor-section-height-default\" data-id=\"c8375ef\" data-element_type=\"section\" data-e-type=\"section\">\n\t\t\t\t\t\t<div class=\"elementor-container elementor-column-gap-default\">\n\t\t\t\t\t<div class=\"elementor-column elementor-col-100 elementor-top-column elementor-element elementor-element-ef554db\" data-id=\"ef554db\" data-element_type=\"column\" data-e-type=\"column\">\n\t\t\t<div class=\"elementor-widget-wrap elementor-element-populated\">\n\t\t\t\t\t\t<div class=\"elementor-element elementor-element-2505f1e elementor-widget elementor-widget-toggle\" data-id=\"2505f1e\" data-element_type=\"widget\" data-e-type=\"widget\" data-widget_type=\"toggle.default\">\n\t\t\t\t<div class=\"elementor-widget-container\">\n\t\t\t\t\t\t\t<div class=\"elementor-toggle\">\n\t\t\t\t\t\t\t<div class=\"elementor-toggle-item\">\n\t\t\t\t\t<div id=\"elementor-tab-title-3881\" class=\"elementor-tab-title\" data-tab=\"1\" role=\"button\" aria-controls=\"elementor-tab-content-3881\" aria-expanded=\"false\">\n\t\t\t\t\t\t\t\t\t\t\t\t<span class=\"elementor-toggle-icon elementor-toggle-icon-left\" aria-hidden=\"true\">\n\t\t\t\t\t\t\t\t\t\t\t\t\t\t\t<span class=\"elementor-toggle-icon-closed\"><svg class=\"e-font-icon-svg e-fas-caret-right\" viewBox=\"0 0 192 512\" xmlns=\"http:\/\/www.w3.org\/2000\/svg\"><path d=\"M0 384.662V127.338c0-17.818 21.543-26.741 34.142-14.142l128.662 128.662c7.81 7.81 7.81 20.474 0 28.284L34.142 398.804C21.543 411.404 0 402.48 0 384.662z\"><\/path><\/svg><\/span>\n\t\t\t\t\t\t\t\t<span class=\"elementor-toggle-icon-opened\"><svg class=\"elementor-toggle-icon-opened e-font-icon-svg e-fas-caret-up\" viewBox=\"0 0 320 512\" xmlns=\"http:\/\/www.w3.org\/2000\/svg\"><path d=\"M288.662 352H31.338c-17.818 0-26.741-21.543-14.142-34.142l128.662-128.662c7.81-7.81 20.474-7.81 28.284 0l128.662 128.662c12.6 12.599 3.676 34.142-14.142 34.142z\"><\/path><\/svg><\/span>\n\t\t\t\t\t\t\t\t\t\t\t\t\t<\/span>\n\t\t\t\t\t\t\t\t\t\t\t\t<a class=\"elementor-toggle-title\" tabindex=\"0\">SISTEMA DE BIBLIOTECAS<\/a>\n\t\t\t\t\t<\/div>\n\n\t\t\t\t\t<div id=\"elementor-tab-content-3881\" class=\"elementor-tab-content elementor-clearfix\" data-tab=\"1\" role=\"region\" aria-labelledby=\"elementor-tab-title-3881\"><p>O Sistema de Biblioteca do Instituto Paulista de Ensino e Pesquisa \u2013 IPEP possuem servi\u00e7os ajustados \u00e0s necessidades dos usu\u00e1rios acad\u00eamico ou escolar dentro dos princ\u00edpios da modernidade, com estrutura flex\u00edvel para amoldar-se na evolu\u00e7\u00e3o do ensino.<\/p><p>\u00c9 especialmente preparado para acolher e dar suporte informacional de ensino, pesquisa, e trabalhos nas diversas disciplinas, dentro de um ambiente colaborativo com equipes qualificadas.<\/p><p>Sua atua\u00e7\u00e3o desenvolve-se no sentido de facilitar o acesso a documenta\u00e7\u00e3o e informa\u00e7\u00e3o existentes na Biblioteca ou fontes externas, nos mais variados suportes, por meio de um conjunto de servi\u00e7os que promovem, disponibilizam e p\u00f5em em pr\u00e1tica a\u00e7\u00f5es para r\u00e1pidas respostas e efic\u00e1cia \u00e0s solicita\u00e7\u00f5es dos utilizadores que a ela se dirigem.<\/p><p>A Biblioteca oferece aos seus utilizadores espa\u00e7os abertos, com livre acesso ao acervo bibliogr\u00e1fico, permitindo-lhes, contato direto com os documentos e acesso aos equipamentos tecnol\u00f3gicos para buscas de informa\u00e7\u00f5es. Contam ainda com espa\u00e7os culturais destinados a exposi\u00e7\u00f5es.<\/p><p>Para utilizar e usufruir benef\u00edcios basta inscrever-se como usu\u00e1rio de seus servi\u00e7os seja como professor, aluno e funcion\u00e1rio.<\/p><p>Possui acervo consistente cobrindo as disciplinas de todos os cursos, bibliografia complementar e publica\u00e7\u00f5es de car\u00e1ter cultural. O acervo pode ser encontrado em papel, em multim\u00eddia ou ainda em forma eletr\u00f4nica. Comp\u00f5e-se de livros, revistas, jornais, CDs, material cartogr\u00e1fico, obras de refer\u00eancias e outros.<\/p><p>A consulta ao acervo pode ser presencial ou on-line. Oferece treinamento aos usu\u00e1rios, em como fazer pesquisa bibliogr\u00e1fica, usar a tecnologia da informa\u00e7\u00e3o, acessar bases de dados da pr\u00f3pria biblioteca ou fontes externas oferecidas gratuitamente.<\/p><\/div>\n\t\t\t\t<\/div>\n\t\t\t\t\t\t\t<div class=\"elementor-toggle-item\">\n\t\t\t\t\t<div id=\"elementor-tab-title-3882\" class=\"elementor-tab-title\" data-tab=\"2\" role=\"button\" aria-controls=\"elementor-tab-content-3882\" aria-expanded=\"false\">\n\t\t\t\t\t\t\t\t\t\t\t\t<span class=\"elementor-toggle-icon elementor-toggle-icon-left\" aria-hidden=\"true\">\n\t\t\t\t\t\t\t\t\t\t\t\t\t\t\t<span class=\"elementor-toggle-icon-closed\"><svg class=\"e-font-icon-svg e-fas-caret-right\" viewBox=\"0 0 192 512\" xmlns=\"http:\/\/www.w3.org\/2000\/svg\"><path d=\"M0 384.662V127.338c0-17.818 21.543-26.741 34.142-14.142l128.662 128.662c7.81 7.81 7.81 20.474 0 28.284L34.142 398.804C21.543 411.404 0 402.48 0 384.662z\"><\/path><\/svg><\/span>\n\t\t\t\t\t\t\t\t<span class=\"elementor-toggle-icon-opened\"><svg class=\"elementor-toggle-icon-opened e-font-icon-svg e-fas-caret-up\" viewBox=\"0 0 320 512\" xmlns=\"http:\/\/www.w3.org\/2000\/svg\"><path d=\"M288.662 352H31.338c-17.818 0-26.741-21.543-14.142-34.142l128.662-128.662c7.81-7.81 20.474-7.81 28.284 0l128.662 128.662c12.6 12.599 3.676 34.142-14.142 34.142z\"><\/path><\/svg><\/span>\n\t\t\t\t\t\t\t\t\t\t\t\t\t<\/span>\n\t\t\t\t\t\t\t\t\t\t\t\t<a class=\"elementor-toggle-title\" tabindex=\"0\">REGULAMENTO<\/a>\n\t\t\t\t\t<\/div>\n\n\t\t\t\t\t<div id=\"elementor-tab-content-3882\" class=\"elementor-tab-content elementor-clearfix\" data-tab=\"2\" role=\"region\" aria-labelledby=\"elementor-tab-title-3882\"><div class=\"wpb_text_column wpb_content_element \"><div class=\"wpb_wrapper\"><p>Baixe o regulamento clicando <em><a href=\"https:\/\/www.bentoquirino.com.br\/novo\/wp-content\/uploads\/2018\/05\/RegulamentoSistemaDeBiblioteca.pdf\">aqui<\/a><\/em><\/p><\/div><\/div><\/div>\n\t\t\t\t<\/div>\n\t\t\t\t\t\t\t<div class=\"elementor-toggle-item\">\n\t\t\t\t\t<div id=\"elementor-tab-title-3883\" class=\"elementor-tab-title\" data-tab=\"3\" role=\"button\" aria-controls=\"elementor-tab-content-3883\" aria-expanded=\"false\">\n\t\t\t\t\t\t\t\t\t\t\t\t<span class=\"elementor-toggle-icon elementor-toggle-icon-left\" aria-hidden=\"true\">\n\t\t\t\t\t\t\t\t\t\t\t\t\t\t\t<span class=\"elementor-toggle-icon-closed\"><svg class=\"e-font-icon-svg e-fas-caret-right\" viewBox=\"0 0 192 512\" xmlns=\"http:\/\/www.w3.org\/2000\/svg\"><path d=\"M0 384.662V127.338c0-17.818 21.543-26.741 34.142-14.142l128.662 128.662c7.81 7.81 7.81 20.474 0 28.284L34.142 398.804C21.543 411.404 0 402.48 0 384.662z\"><\/path><\/svg><\/span>\n\t\t\t\t\t\t\t\t<span class=\"elementor-toggle-icon-opened\"><svg class=\"elementor-toggle-icon-opened e-font-icon-svg e-fas-caret-up\" viewBox=\"0 0 320 512\" xmlns=\"http:\/\/www.w3.org\/2000\/svg\"><path d=\"M288.662 352H31.338c-17.818 0-26.741-21.543-14.142-34.142l128.662-128.662c7.81-7.81 20.474-7.81 28.284 0l128.662 128.662c12.6 12.599 3.676 34.142-14.142 34.142z\"><\/path><\/svg><\/span>\n\t\t\t\t\t\t\t\t\t\t\t\t\t<\/span>\n\t\t\t\t\t\t\t\t\t\t\t\t<a class=\"elementor-toggle-title\" tabindex=\"0\">BIBLIOTECA 24 HORAS<\/a>\n\t\t\t\t\t<\/div>\n\n\t\t\t\t\t<div id=\"elementor-tab-content-3883\" class=\"elementor-tab-content elementor-clearfix\" data-tab=\"3\" role=\"region\" aria-labelledby=\"elementor-tab-title-3883\"><p>Acesse a biblioteca <em><a href=\"http:\/\/ipep.phlnet.com.br\/cgi-bin\/wxis.exe?IsisScript=phl82.xis&amp;cipar=phl82.cip&amp;lang=por\">aqui<\/a><\/em><\/p><\/div>\n\t\t\t\t<\/div>\n\t\t\t\t\t\t\t<div class=\"elementor-toggle-item\">\n\t\t\t\t\t<div id=\"elementor-tab-title-3884\" class=\"elementor-tab-title\" data-tab=\"4\" role=\"button\" aria-controls=\"elementor-tab-content-3884\" aria-expanded=\"false\">\n\t\t\t\t\t\t\t\t\t\t\t\t<span class=\"elementor-toggle-icon elementor-toggle-icon-left\" aria-hidden=\"true\">\n\t\t\t\t\t\t\t\t\t\t\t\t\t\t\t<span class=\"elementor-toggle-icon-closed\"><svg class=\"e-font-icon-svg e-fas-caret-right\" viewBox=\"0 0 192 512\" xmlns=\"http:\/\/www.w3.org\/2000\/svg\"><path d=\"M0 384.662V127.338c0-17.818 21.543-26.741 34.142-14.142l128.662 128.662c7.81 7.81 7.81 20.474 0 28.284L34.142 398.804C21.543 411.404 0 402.48 0 384.662z\"><\/path><\/svg><\/span>\n\t\t\t\t\t\t\t\t<span class=\"elementor-toggle-icon-opened\"><svg class=\"elementor-toggle-icon-opened e-font-icon-svg e-fas-caret-up\" viewBox=\"0 0 320 512\" xmlns=\"http:\/\/www.w3.org\/2000\/svg\"><path d=\"M288.662 352H31.338c-17.818 0-26.741-21.543-14.142-34.142l128.662-128.662c7.81-7.81 20.474-7.81 28.284 0l128.662 128.662c12.6 12.599 3.676 34.142-14.142 34.142z\"><\/path><\/svg><\/span>\n\t\t\t\t\t\t\t\t\t\t\t\t\t<\/span>\n\t\t\t\t\t\t\t\t\t\t\t\t<a class=\"elementor-toggle-title\" tabindex=\"0\">SERVI\u00c7OS<\/a>\n\t\t\t\t\t<\/div>\n\n\t\t\t\t\t<div id=\"elementor-tab-content-3884\" class=\"elementor-tab-content elementor-clearfix\" data-tab=\"4\" role=\"region\" aria-labelledby=\"elementor-tab-title-3884\"><p><strong>EMPR\u00c9STIMO ENTRE-BIBLIOTECAS(EEB):\u00a0<\/strong>Possibilita aos alunos, professores e funcion\u00e1rios, o empr\u00e9stimo de materiais bibliogr\u00e1ficos localizados em outras Institui\u00e7\u00f5es.<\/p><p>\u00c9 permitido o empr\u00e9stimo entre bibliotecas somente de materiais que n\u00e3o constem no acervo da Biblioteca, para isso ser\u00e1 necess\u00e1rio preenchimento do formul\u00e1rio e assinatura do Bibliotec\u00e1rio respons\u00e1vel.<\/p><p><strong>Importante:<\/strong>\u00a0Devolver o material retirado por empr\u00e9stimo, na data estipulada pela Institui\u00e7\u00e3o cedente e no mesmo local em que este foi emprestado.<\/p><p><strong>COMUT:<\/strong>\u00a0Consiste na obten\u00e7\u00e3o de c\u00f3pias de documentos t\u00e9cnico-cient\u00edficos, disserta\u00e7\u00f5es de mestrado, teses, artigos de peri\u00f3dicos, entre outros documentos existentes nas principais bibliotecas brasileiras, conveniadas ao COMUT, mediante pagamento.<\/p><p><strong>Reservas e Renova\u00e7\u00f5es:<\/strong>\u00a0mant\u00e9m a mesma informa\u00e7\u00e3o.<\/p><\/div>\n\t\t\t\t<\/div>\n\t\t\t\t\t\t\t<div class=\"elementor-toggle-item\">\n\t\t\t\t\t<div id=\"elementor-tab-title-3885\" class=\"elementor-tab-title\" data-tab=\"5\" role=\"button\" aria-controls=\"elementor-tab-content-3885\" aria-expanded=\"false\">\n\t\t\t\t\t\t\t\t\t\t\t\t<span class=\"elementor-toggle-icon elementor-toggle-icon-left\" aria-hidden=\"true\">\n\t\t\t\t\t\t\t\t\t\t\t\t\t\t\t<span class=\"elementor-toggle-icon-closed\"><svg class=\"e-font-icon-svg e-fas-caret-right\" viewBox=\"0 0 192 512\" xmlns=\"http:\/\/www.w3.org\/2000\/svg\"><path d=\"M0 384.662V127.338c0-17.818 21.543-26.741 34.142-14.142l128.662 128.662c7.81 7.81 7.81 20.474 0 28.284L34.142 398.804C21.543 411.404 0 402.48 0 384.662z\"><\/path><\/svg><\/span>\n\t\t\t\t\t\t\t\t<span class=\"elementor-toggle-icon-opened\"><svg class=\"elementor-toggle-icon-opened e-font-icon-svg e-fas-caret-up\" viewBox=\"0 0 320 512\" xmlns=\"http:\/\/www.w3.org\/2000\/svg\"><path d=\"M288.662 352H31.338c-17.818 0-26.741-21.543-14.142-34.142l128.662-128.662c7.81-7.81 20.474-7.81 28.284 0l128.662 128.662c12.6 12.599 3.676 34.142-14.142 34.142z\"><\/path><\/svg><\/span>\n\t\t\t\t\t\t\t\t\t\t\t\t\t<\/span>\n\t\t\t\t\t\t\t\t\t\t\t\t<a class=\"elementor-toggle-title\" tabindex=\"0\">\u00c1REAS TEM\u00c1TICAS<\/a>\n\t\t\t\t\t<\/div>\n\n\t\t\t\t\t<div id=\"elementor-tab-content-3885\" class=\"elementor-tab-content elementor-clearfix\" data-tab=\"5\" role=\"region\" aria-labelledby=\"elementor-tab-title-3885\"><h4>INFORM\u00c1TICA<\/h4><p><a href=\"http:\/\/www.arandanet.com.br\/midiaonline\/rti\">http:\/\/www.arandanet.com.br\/midiaonline\/rti<\/a><\/p><p><a href=\"http:\/\/www.sbc.org.br\/index.php?option=com_content&amp;view=category&amp;layout=blog&amp;id=245&amp;Itemid=197\">http:\/\/www.sbc.org.br<\/a><\/p><p><a href=\"http:\/\/seer.ufrgs.br\/reic\">http:\/\/seer.ufrgs.br\/reic<\/a><\/p><p><a href=\"http:\/\/www.spell.org.br\/periodicos\/ver\/41\/journal-of-information-systems-and-technology-management\">http:\/\/www.spell.org.br\/periodicos\/ver\/41\/journal-of-information-systems-and-technology-management<\/a><\/p><p><a href=\"http:\/\/www.spell.org.br\/periodicos\/ver\/41\/journal-of-information-systems-and-technology-management\">http:\/\/www.spell.org.br\/periodicos\/ver\/70\/revista-de-tecnologia-aplicada<\/a><\/p><p><a href=\"https:\/\/www.locaweb.com.br\/sobre-locaweb\/revista.html\">http:\/\/www.locaweb.com.br\/sobre-locaweb\/revista.html<\/a><\/p><p>\u00a0<\/p><h4>SEGURAN\u00c7A DO TRABALHO<\/h4><p><a href=\"http:\/\/revistaincendio.com.br\/a-revista\">http:\/\/revistaincendio.com.br\/a-revista<\/a><\/p><p><a href=\"http:\/\/revistacipa.com.br\/\">http:\/\/revistacipa.com.br<\/a><\/p><p><a href=\"http:\/\/www.protecao.com.br\/home\/\">http:\/\/www.protecao.com.br\/home\/<\/a><\/p><p><a href=\"http:\/\/www.sintesp.org.br\/\">http:\/\/www.sintesp.org.br\/<\/a><\/p><p>\u00a0<\/p><h4>FARM\u00c1CIA<\/h4><p><a href=\"https:\/\/guiadafarmacia.com.br\/\">https:\/\/guiadafarmacia.com.br\/<\/a>\u00a0Revista dirigida aos profissionais de sa\u00fade.<\/p><p><a href=\"http:\/\/www.cff.org.br\/\">http:\/\/www.cff.org.br\/<\/a>\u00a0Conselho\u00a0 Federal de Farm\u00e1cia<\/p><p><a href=\"http:\/\/www.sbfgnosia.org.br\/\">http:\/\/www.sbfgnosia.org.br\/<\/a>\u00a0Sociedade Brasileira de Farmagnosia<\/p><p><a href=\"https:\/\/consultas.anvisa.gov.br\/#\/\">https:\/\/consultas.anvisa.gov.br\/#\/<\/a>\u00a0Anvisa<\/p><p><a href=\"https:\/\/entrada.amhb.org.br\/\">https:\/\/entrada.amhb.org.br\/<\/a>\u00a0associa\u00e7\u00e3o m\u00e9dica homeop\u00e1tica brasileira<\/p><p><a href=\"https:\/\/aph.org.br\/\">https:\/\/aph.org.br\/<\/a>\u00a0Associa\u00e7\u00e3o Paulista de Homeopatia<\/p><p>\u00a0<\/p><h4>ENFERMAGEM<\/h4><p><a href=\"https:\/\/www.revistas.usp.br\/rlae\/index\">https:\/\/www.revistas.usp.br\/rlae\/index<\/a><\/p><p><a href=\"https:\/\/www.revistas.ufg.br\/fen\">https:\/\/www.revistas.ufg.br\/fen<\/a>\u00a0\u2013 Revista Eletr\u00f4nica de Enfermagem<\/p><p><a href=\"http:\/\/www.reme.org.br\/conteudo\/5\">http:\/\/www.reme.org.br\/conteudo\/5<\/a>\u00a0Revista Mineira de Enfermagem<\/p><p><a href=\"http:\/\/eean.edu.br\/default.asp\">http:\/\/eean.edu.br\/default.asp<\/a>\u00a0Revista de Enfermagem Anna Nery<\/p><p><a href=\"http:\/\/www.cofen.gov.br\/\">http:\/\/www.cofen.gov.br\/<\/a>\u00a0Conselho Federal de Enfermagem<\/p><p>\u00a0<\/p><h4>NUTRI\u00c7\u00c3O<\/h4><p><a href=\"http:\/\/www.crn1.org.br\/\">http:\/\/www.crn1.org.br\/<\/a>\u00a0Conselho Federal de Nutricionistas<\/p><p><a href=\"https:\/\/www.braspen.org\/\">https:\/\/www.braspen.org\/<\/a>\u00a0Sociedade Brasileira de Nutri\u00e7\u00e3o Parenteral e Enteral<\/p><p><a href=\"https:\/\/www.rasbran.com.br\/rasbran\">https:\/\/www.rasbran.com.br\/rasbran<\/a>\u00a0Revista da Associa\u00e7\u00e3o Brasileira de Nutri\u00e7\u00e3o<\/p><p><a href=\"http:\/\/www.scielo.org\/php\/index.php?lang=pt\">http:\/\/www.scielo.org\/php\/index.php?lang=pt<\/a>\u00a0SciELO<\/p><p>\u00a0<\/p><h4>ADMINISTRA\u00c7\u00c3O<\/h4><p><a href=\"http:\/\/www.spell.org.br\/\">http:\/\/www.spell.org.br\/<\/a>\u00a0A biblioteca eletr\u00f4nica SPELL\u00ae Scientific Periodicals Electronic Library<\/p><p><a href=\"https:\/\/docmanagement.com.br\/\">https:\/\/docmanagement.com.br\/<\/a>\u00a0Information Management<\/p><p><a href=\"https:\/\/cfa.org.br\/\">https:\/\/cfa.org.br\/<\/a>\u00a0Conselho Federal de Administra\u00e7\u00e3o<\/p><p>\u00a0<\/p><h4>QU\u00cdMICA<\/h4><p><a href=\"http:\/\/cfq.org.br\/\">http:\/\/cfq.org.br\/<\/a>\u00a0Conselho federal de Quimica<\/p><p><a href=\"https:\/\/www.quimica.com.br\/\">https:\/\/www.quimica.com.br\/<\/a>\u00a0Quimica<\/p><p><a href=\"http:\/\/www.journals.ufrpe.br\/index.php\">http:\/\/www.journals.ufrpe.br\/index.php<\/a>\u00a0\u00a0Revista Debates em Ensino de Quimica<\/p><p><a href=\"https:\/\/repositorio.unp.br\/index.php\">https:\/\/repositorio.unp.br\/index.php<\/a>\u00a0<strong>\u00a0<\/strong><\/p><p>\u00a0<\/p><h4>MECATR\u00d4NICA<\/h4><div>https:\/\/www.hitecnologia.com.br<\/div><div><p style=\"font-family: Roboto, sans-serif;\"><span style=\"font-weight: var( --e-global-typography-text-font-weight );\">https:\/\/materialpublic.imd.ufrn.br\/curso\/disciplina\/1<\/span><\/p><p>\u00a0<\/p><\/div><h4>PUBLICIDADE E PROPAGANDA<\/h4><p><a href=\"http:\/\/www.meioemensagem.com.br\/\">http:\/\/www.meioemensagem.com.br\/<\/a>\u00a0Meio Mensagem<\/p><p><a href=\"http:\/\/www.conar.org.br\/\">http:\/\/www.conar.org.br\/<\/a> Conselho Nacional de Auto-regulamenta\u00e7\u00e3o publicit\u00e1ria<\/p><p><a href=\"http:\/\/appbrasil.org.br\/\">http:\/\/appbrasil.org.br\/<\/a>\u00a0Associa\u00e7\u00e3o dos profissionais de propaganda<\/p><p>\u00a0<\/p><h4>RADIOLOGIA<\/h4><p><a href=\"http:\/\/conter.gov.br\/\">http:\/\/conter.gov.br\/<\/a>\u00a0 Conselho Nacional de T\u00e9cnicos em Radiologia<\/p><p><a href=\"https:\/\/cbr.org.br\/publicacoes\/radiologia-brasileira\/\">https:\/\/cbr.org.br\/publicacoes\/radiologia-brasileira\/<\/a>\u00a0Col\u00e9gio brasileiro de radiologia e diagn\u00f3stico por imagem<\/p><p>\u00a0<\/p><h4>EDIFICA\u00c7\u00d5ES<\/h4><p><a href=\"http:\/\/www.creasp.org.br\/\">http:\/\/www.creasp.org.br\/<\/a>Conselho Regional de Engenharia, Arquitetura e Agronomia S\u00e3o Paulo<\/p><p><a href=\"https:\/\/www.arcoweb.com.br\/projetodesign\">https:\/\/www.arcoweb.com.br\/projetodesign<\/a>\u00a0\u2013 Revista Projeto<\/p><p>\u00a0<\/p><h4>TRANSA\u00c7\u00d5ES IMOBILI\u00c1RIAS<\/h4><p><a href=\"https:\/\/www.crecisp.gov.br\/\" target=\"_blank\" rel=\"noopener noreferrer\" data-auth=\"NotApplicable\" data-linkindex=\"4\">https:\/\/www.crecisp.gov.br\/<\/a>\u00a0Conselho Regional de Corretores de Im\u00f3veis 2\u00aa Regi\u00e3o<\/p><p><a href=\"https:\/\/www.secovi.com.br\/\" target=\"_blank\" rel=\"noopener noreferrer\" data-auth=\"NotApplicable\" data-linkindex=\"5\">https:\/\/www.secovi.com.br\/<\/a>\u00a0Sindicato das Empresas de Compra, Venda, Loca\u00e7\u00e3o e Administra\u00e7\u00e3o de Im\u00f3veis Residenciais e Comerciais de S\u00e3o Paulo<\/p><p><a href=\"https:\/\/www.resimob.com.br\/\" target=\"_blank\" rel=\"noopener noreferrer\" data-auth=\"NotApplicable\" data-linkindex=\"6\">https:\/\/www.resimob.com.br\/<\/a>\u00a0Resumo Imobili\u00e1rio (revista eletr\u00f4nica)<\/p><p><a href=\"http:\/\/bibliotecadigital.fgv.br\/ojs\/index.php\/cc\/about\" target=\"_blank\" rel=\"noopener noreferrer\" data-auth=\"NotApplicable\" data-linkindex=\"7\">http:\/\/bibliotecadigital.fgv.br\/ojs\/index.php\/cc\/about<\/a>\u00a0Sistema de Biblioteca FGV Conjuntura da Constru\u00e7\u00e3o<\/p><p><a href=\"http:\/\/www.mercadoimobiliario.net\/\" target=\"_blank\" rel=\"noopener noreferrer\" data-auth=\"NotApplicable\" data-linkindex=\"8\">http:\/\/www.mercadoimobiliario.net\/<\/a>\u00a0(revista eletr\u00f4nica)<\/p><p><a href=\"https:\/\/sindusconsp.com.br\/\" target=\"_blank\" rel=\"noopener noreferrer\" data-auth=\"NotApplicable\" data-linkindex=\"9\">https:\/\/sindusconsp.com.br<\/a>\u00a0Sinduscon-SP \u2013 Sindicato da Constru\u00e7\u00e3o Civil do Estado de SP<\/p><p><a href=\"https:\/\/abcp.org.br\/\" target=\"_blank\" rel=\"noopener noreferrer\" data-auth=\"NotApplicable\" data-linkindex=\"10\">https:\/\/abcp.org.br\/<\/a>\u00a0Associa\u00e7\u00e3o Brasileira de Cimento Portland<\/p><\/div>\n\t\t\t\t<\/div>\n\t\t\t\t\t\t\t\t<\/div>\n\t\t\t\t\t\t<\/div>\n\t\t\t\t<\/div>\n\t\t\t\t\t<\/div>\n\t\t<\/div>\n\t\t\t\t\t<\/div>\n\t\t<\/section>\n\t\t\t\t<section class=\"elementor-section elementor-top-section elementor-element elementor-element-85b6d33 elementor-section-boxed elementor-section-height-default elementor-section-height-default\" data-id=\"85b6d33\" data-element_type=\"section\" data-e-type=\"section\">\n\t\t\t\t\t\t<div class=\"elementor-container elementor-column-gap-default\">\n\t\t\t\t\t<div class=\"elementor-column elementor-col-100 elementor-top-column elementor-element elementor-element-e61ee7b\" data-id=\"e61ee7b\" data-element_type=\"column\" data-e-type=\"column\">\n\t\t\t<div class=\"elementor-widget-wrap elementor-element-populated\">\n\t\t\t\t\t\t<div class=\"elementor-element elementor-element-351d658 elementor-widget elementor-widget-spacer\" data-id=\"351d658\" data-element_type=\"widget\" data-e-type=\"widget\" data-widget_type=\"spacer.default\">\n\t\t\t\t<div class=\"elementor-widget-container\">\n\t\t\t\t\t\t\t<div class=\"elementor-spacer\">\n\t\t\t<div class=\"elementor-spacer-inner\"><\/div>\n\t\t<\/div>\n\t\t\t\t\t\t<\/div>\n\t\t\t\t<\/div>\n\t\t\t\t\t<\/div>\n\t\t<\/div>\n\t\t\t\t\t<\/div>\n\t\t<\/section>\n\t\t\t\t<\/div>\n\t\t","protected":false},"excerpt":{"rendered":"<p>BIBLIOTECA SISTEMA DE BIBLIOTECAS O Sistema de Biblioteca do Instituto Paulista de Ensino e Pesquisa \u2013 IPEP possuem servi\u00e7os ajustados \u00e0s necessidades dos usu\u00e1rios acad\u00eamico ou escolar dentro dos princ\u00edpios da modernidade, com estrutura flex\u00edvel para amoldar-se na evolu\u00e7\u00e3o do ensino. \u00c9 especialmente preparado para acolher e dar suporte informacional de ensino, pesquisa, e trabalhos &hellip; <a href=\"https:\/\/www.bentoquirino.com.br\/novo\/biblioteca\/\" class=\"more-link\">Continue reading<span class=\"screen-reader-text\"> &#8220;Biblioteca&#8221;<\/span><\/a><\/p>\n","protected":false},"author":24,"featured_media":0,"parent":0,"menu_order":10,"comment_status":"closed","ping_status":"closed","template":"","meta":{"_acf_changed":false,"inline_featured_image":false,"footnotes":""},"categories":[],"tags":[],"class_list":["post-524","page","type-page","status-publish","hentry"],"acf":[],"_links":{"self":[{"href":"https:\/\/www.bentoquirino.com.br\/novo\/wp-json\/wp\/v2\/pages\/524","targetHints":{"allow":["GET"]}}],"collection":[{"href":"https:\/\/www.bentoquirino.com.br\/novo\/wp-json\/wp\/v2\/pages"}],"about":[{"href":"https:\/\/www.bentoquirino.com.br\/novo\/wp-json\/wp\/v2\/types\/page"}],"author":[{"embeddable":true,"href":"https:\/\/www.bentoquirino.com.br\/novo\/wp-json\/wp\/v2\/users\/24"}],"replies":[{"embeddable":true,"href":"https:\/\/www.bentoquirino.com.br\/novo\/wp-json\/wp\/v2\/comments?post=524"}],"version-history":[{"count":64,"href":"https:\/\/www.bentoquirino.com.br\/novo\/wp-json\/wp\/v2\/pages\/524\/revisions"}],"predecessor-version":[{"id":65071,"href":"https:\/\/www.bentoquirino.com.br\/novo\/wp-json\/wp\/v2\/pages\/524\/revisions\/65071"}],"wp:attachment":[{"href":"https:\/\/www.bentoquirino.com.br\/novo\/wp-json\/wp\/v2\/media?parent=524"}],"wp:term":[{"taxonomy":"category","embeddable":true,"href":"https:\/\/www.bentoquirino.com.br\/novo\/wp-json\/wp\/v2\/categories?post=524"},{"taxonomy":"post_tag","embeddable":true,"href":"https:\/\/www.bentoquirino.com.br\/novo\/wp-json\/wp\/v2\/tags?post=524"}],"curies":[{"name":"wp","href":"https:\/\/api.w.org\/{rel}","templated":true}]}}