{"id":67321,"date":"2023-06-14T17:36:44","date_gmt":"2023-06-14T20:36:44","guid":{"rendered":"https:\/\/www.bentoquirino.com.br\/novo\/?page_id=67321"},"modified":"2023-06-29T07:25:23","modified_gmt":"2023-06-29T10:25:23","slug":"lp-mcdonalds","status":"publish","type":"page","link":"https:\/\/www.bentoquirino.com.br\/novo\/lp-mcdonalds\/","title":{"rendered":"LP McDonalds"},"content":{"rendered":"\t\t<div data-elementor-type=\"wp-page\" data-elementor-id=\"67321\" class=\"elementor elementor-67321\" data-elementor-post-type=\"page\">\n\t\t\t\t\t\t<section class=\"elementor-section elementor-top-section elementor-element elementor-element-a76596b elementor-section-stretched elementor-section-height-full elementor-hidden-tablet elementor-hidden-mobile elementor-section-boxed elementor-section-height-default elementor-section-items-middle\" data-id=\"a76596b\" data-element_type=\"section\" data-e-type=\"section\" data-settings=\"{&quot;stretch_section&quot;:&quot;section-stretched&quot;,&quot;background_background&quot;:&quot;classic&quot;}\">\n\t\t\t\t\t\t<div class=\"elementor-container elementor-column-gap-default\">\n\t\t\t\t\t<div class=\"elementor-column elementor-col-100 elementor-top-column elementor-element elementor-element-8f43ef2\" data-id=\"8f43ef2\" data-element_type=\"column\" data-e-type=\"column\">\n\t\t\t<div class=\"elementor-widget-wrap elementor-element-populated\">\n\t\t\t\t\t\t<section class=\"elementor-section elementor-inner-section elementor-element elementor-element-1d32a4a elementor-section-boxed elementor-section-height-default elementor-section-height-default\" data-id=\"1d32a4a\" data-element_type=\"section\" data-e-type=\"section\">\n\t\t\t\t\t\t<div class=\"elementor-container elementor-column-gap-default\">\n\t\t\t\t\t<div class=\"elementor-column elementor-col-50 elementor-inner-column elementor-element elementor-element-0561c27\" data-id=\"0561c27\" data-element_type=\"column\" data-e-type=\"column\">\n\t\t\t<div class=\"elementor-widget-wrap elementor-element-populated\">\n\t\t\t\t\t\t<div class=\"elementor-element elementor-element-72bcae3 elementor-absolute elementor-hidden-tablet elementor-hidden-mobile elementor-widget elementor-widget-image\" data-id=\"72bcae3\" data-element_type=\"widget\" data-e-type=\"widget\" data-settings=\"{&quot;_position&quot;:&quot;absolute&quot;}\" data-widget_type=\"image.default\">\n\t\t\t\t<div class=\"elementor-widget-container\">\n\t\t\t\t\t\t\t\t\t\t\t\t\t\t\t<img fetchpriority=\"high\" decoding=\"async\" width=\"3000\" height=\"2933\" src=\"https:\/\/www.bentoquirino.com.br\/novo\/wp-content\/uploads\/2023\/06\/logo-mc.png\" class=\"attachment-full size-full wp-image-67323\" alt=\"\" \/>\t\t\t\t\t\t\t\t\t\t\t\t\t\t\t<\/div>\n\t\t\t\t<\/div>\n\t\t\t\t<div class=\"elementor-element elementor-element-7619eb0 elementor-hidden-tablet elementor-hidden-mobile elementor-widget elementor-widget-heading\" data-id=\"7619eb0\" data-element_type=\"widget\" data-e-type=\"widget\" data-widget_type=\"heading.default\">\n\t\t\t\t<div class=\"elementor-widget-container\">\n\t\t\t\t\t<h2 class=\"elementor-heading-title elementor-size-default\">Concorra a <span id=\"cor-destaque\"><br>Bolsas de  75%<\/span><\/h2>\t\t\t\t<\/div>\n\t\t\t\t<\/div>\n\t\t\t\t<div class=\"elementor-element elementor-element-760fcaa elementor-hidden-tablet elementor-hidden-mobile elementor-widget elementor-widget-text-editor\" data-id=\"760fcaa\" data-element_type=\"widget\" data-e-type=\"widget\" data-widget_type=\"text-editor.default\">\n\t\t\t\t<div class=\"elementor-widget-container\">\n\t\t\t\t\t\t\t\t\t<p>Voc\u00ea, colaborador(a) do McDonald&#8217;s, preencha o formul\u00e1rio para concorrer a uma bolsa de 75% em todas mensalidades para o Curso T\u00e9cnico Noturno do Bento Quirino!<\/p>\t\t\t\t\t\t\t\t<\/div>\n\t\t\t\t<\/div>\n\t\t\t\t\t<\/div>\n\t\t<\/div>\n\t\t\t\t<div class=\"elementor-column elementor-col-50 elementor-inner-column elementor-element elementor-element-cedfce5\" data-id=\"cedfce5\" data-element_type=\"column\" data-e-type=\"column\">\n\t\t\t<div class=\"elementor-widget-wrap elementor-element-populated\">\n\t\t\t\t\t\t<div class=\"elementor-element elementor-element-7d33a4b elementor-absolute elementor-hidden-tablet elementor-hidden-mobile elementor-widget elementor-widget-image\" data-id=\"7d33a4b\" data-element_type=\"widget\" data-e-type=\"widget\" data-settings=\"{&quot;_position&quot;:&quot;absolute&quot;}\" data-widget_type=\"image.default\">\n\t\t\t\t<div class=\"elementor-widget-container\">\n\t\t\t\t\t\t\t\t\t\t\t\t\t\t\t<img decoding=\"async\" width=\"840\" height=\"300\" src=\"https:\/\/www.bentoquirino.com.br\/novo\/wp-content\/uploads\/2023\/04\/Logo-Bento-Quirino-Branco.png\" class=\"attachment-large size-large wp-image-66360\" alt=\"Logotipo\" \/>\t\t\t\t\t\t\t\t\t\t\t\t\t\t\t<\/div>\n\t\t\t\t<\/div>\n\t\t\t\t<div class=\"elementor-element elementor-element-4a970e1 elementor-hidden-tablet elementor-hidden-mobile elementor-widget elementor-widget-html\" data-id=\"4a970e1\" data-element_type=\"widget\" data-e-type=\"widget\" data-widget_type=\"html.default\">\n\t\t\t\t<div class=\"elementor-widget-container\">\n\t\t\t\t\t<!-- SharpSpring Form for Form Visitas Empresas P\u00f3s M\u00e9dio  -->\n<script type=\"text\/javascript\">\nvar queryString = window.location.search; \nvar urlParams = new URLSearchParams(queryString); \nvar utm_source = urlParams.get('utm_source') || 'org\u00e2nico'; \nvar utm_campaign = urlParams.get('utm_campaign'); \nvar utm_medium = urlParams.get('utm_medium'); \n    var ss_form = {'account': 'MzawMDEzMjUzBQA', 'formID': 'S7I0STRLMjTWtbBITNE1STZJ07VIMrXQNQKKm1omWRokpyQDAA'};\n    ss_form.width = '100%';\n    ss_form.domain = 'app-3QNBJM0XLI.marketingautomation.services';\nss_form.hidden = { \n'field_4763592707': utm_source, \n'field_4763591683': utm_campaign, \n'field_4772920323': utm_medium, \n'_usePlaceholders': true \n}; \n    \/\/ ss_form.hidden = {'field_id': 'value'}; \/\/ Modify this for sending hidden variables, or overriding values\n    \/\/ ss_form.target_id = 'target'; \/\/ Optional parameter: forms will be placed inside the element with the specified id\n    \/\/ ss_form.polling = true; \/\/ Optional parameter: set to true ONLY if your page loads dynamically and the id needs to be polled continually.\n<\/script>\n<script type=\"text\/javascript\" src=\"https:\/\/koi-3QNBJM0XLI.marketingautomation.services\/client\/form.js?ver=2.0.1\"><\/script>\n\t\t\t\t<\/div>\n\t\t\t\t<\/div>\n\t\t\t\t\t<\/div>\n\t\t<\/div>\n\t\t\t\t\t<\/div>\n\t\t<\/section>\n\t\t\t\t\t<\/div>\n\t\t<\/div>\n\t\t\t\t\t<\/div>\n\t\t<\/section>\n\t\t\t\t<section class=\"elementor-section elementor-top-section elementor-element elementor-element-7b606e8 elementor-hidden-desktop elementor-hidden-mobile elementor-section-boxed elementor-section-height-default elementor-section-height-default\" data-id=\"7b606e8\" data-element_type=\"section\" data-e-type=\"section\" data-settings=\"{&quot;background_background&quot;:&quot;classic&quot;}\">\n\t\t\t\t\t\t<div class=\"elementor-container elementor-column-gap-default\">\n\t\t\t\t\t<div class=\"elementor-column elementor-col-100 elementor-top-column elementor-element elementor-element-b1ca063\" data-id=\"b1ca063\" data-element_type=\"column\" data-e-type=\"column\">\n\t\t\t<div class=\"elementor-widget-wrap elementor-element-populated\">\n\t\t\t\t\t\t<div class=\"elementor-element elementor-element-c2d2ccd elementor-hidden-desktop elementor-hidden-mobile elementor-widget elementor-widget-image\" data-id=\"c2d2ccd\" data-element_type=\"widget\" data-e-type=\"widget\" data-widget_type=\"image.default\">\n\t\t\t\t<div class=\"elementor-widget-container\">\n\t\t\t\t\t\t\t\t\t\t\t\t\t\t\t<img decoding=\"async\" width=\"840\" height=\"300\" src=\"https:\/\/www.bentoquirino.com.br\/novo\/wp-content\/uploads\/2023\/04\/Logo-Bento-Quirino-Branco.png\" class=\"attachment-large size-large wp-image-66360\" alt=\"Logotipo\" \/>\t\t\t\t\t\t\t\t\t\t\t\t\t\t\t<\/div>\n\t\t\t\t<\/div>\n\t\t\t\t<div class=\"elementor-element elementor-element-c023272 elementor-hidden-desktop elementor-hidden-mobile elementor-widget elementor-widget-image\" data-id=\"c023272\" data-element_type=\"widget\" data-e-type=\"widget\" data-widget_type=\"image.default\">\n\t\t\t\t<div class=\"elementor-widget-container\">\n\t\t\t\t\t\t\t\t\t\t\t\t\t\t\t<img decoding=\"async\" width=\"840\" height=\"821\" src=\"https:\/\/www.bentoquirino.com.br\/novo\/wp-content\/uploads\/2023\/06\/logo-mc-1024x1001.png\" class=\"attachment-large size-large wp-image-67323\" alt=\"\" \/>\t\t\t\t\t\t\t\t\t\t\t\t\t\t\t<\/div>\n\t\t\t\t<\/div>\n\t\t\t\t<div class=\"elementor-element elementor-element-4f8a326 elementor-hidden-desktop elementor-hidden-mobile elementor-widget elementor-widget-heading\" data-id=\"4f8a326\" data-element_type=\"widget\" data-e-type=\"widget\" data-widget_type=\"heading.default\">\n\t\t\t\t<div class=\"elementor-widget-container\">\n\t\t\t\t\t<h2 class=\"elementor-heading-title elementor-size-default\">Concorra a <span id=\"cor-destaque\"> Bolsas de  75%<\/span><\/h2>\t\t\t\t<\/div>\n\t\t\t\t<\/div>\n\t\t\t\t<div class=\"elementor-element elementor-element-6532b55 elementor-hidden-desktop elementor-hidden-mobile elementor-widget elementor-widget-text-editor\" data-id=\"6532b55\" data-element_type=\"widget\" data-e-type=\"widget\" data-widget_type=\"text-editor.default\">\n\t\t\t\t<div class=\"elementor-widget-container\">\n\t\t\t\t\t\t\t\t\t<p>Voc\u00ea, colaborador(a) do McDonald&#8217;s, preencha o formul\u00e1rio para concorrer a uma bolsa de 75% em todas mensalidades para o Curso T\u00e9cnico Noturno do Bento Quirino!<\/p>\t\t\t\t\t\t\t\t<\/div>\n\t\t\t\t<\/div>\n\t\t\t\t<div class=\"elementor-element elementor-element-7210fd5 elementor-hidden-desktop elementor-hidden-mobile elementor-widget elementor-widget-html\" data-id=\"7210fd5\" data-element_type=\"widget\" data-e-type=\"widget\" data-widget_type=\"html.default\">\n\t\t\t\t<div class=\"elementor-widget-container\">\n\t\t\t\t\t<!-- SharpSpring Form for Form Visitas Empresas P\u00f3s M\u00e9dio  -->\n<script type=\"text\/javascript\">\nvar queryString = window.location.search; \nvar urlParams = new URLSearchParams(queryString); \nvar utm_source = urlParams.get('utm_source') || 'org\u00e2nico'; \nvar utm_campaign = urlParams.get('utm_campaign'); \nvar utm_medium = urlParams.get('utm_medium'); \n    var ss_form = {'account': 'MzawMDEzMjUzBQA', 'formID': 'S7I0STRLMjTWtbBITNE1STZJ07VIMrXQNQKKm1omWRokpyQDAA'};\n    ss_form.width = '100%';\n    ss_form.domain = 'app-3QNBJM0XLI.marketingautomation.services';\nss_form.hidden = { \n'field_4763592707': utm_source, \n'field_4763591683': utm_campaign, \n'field_4772920323': utm_medium, \n'_usePlaceholders': true \n}; \n    \/\/ ss_form.hidden = {'field_id': 'value'}; \/\/ Modify this for sending hidden variables, or overriding values\n    \/\/ ss_form.target_id = 'target'; \/\/ Optional parameter: forms will be placed inside the element with the specified id\n    \/\/ ss_form.polling = true; \/\/ Optional parameter: set to true ONLY if your page loads dynamically and the id needs to be polled continually.\n<\/script>\n<script type=\"text\/javascript\" src=\"https:\/\/koi-3QNBJM0XLI.marketingautomation.services\/client\/form.js?ver=2.0.1\"><\/script>\t\t\t\t<\/div>\n\t\t\t\t<\/div>\n\t\t\t\t\t<\/div>\n\t\t<\/div>\n\t\t\t\t\t<\/div>\n\t\t<\/section>\n\t\t\t\t<section class=\"elementor-section elementor-top-section elementor-element elementor-element-159769e elementor-section-height-full elementor-hidden-desktop elementor-hidden-tablet elementor-section-boxed elementor-section-height-default elementor-section-items-middle\" data-id=\"159769e\" data-element_type=\"section\" data-e-type=\"section\" data-settings=\"{&quot;background_background&quot;:&quot;classic&quot;}\">\n\t\t\t\t\t\t<div class=\"elementor-container elementor-column-gap-default\">\n\t\t\t\t\t<div class=\"elementor-column elementor-col-100 elementor-top-column elementor-element elementor-element-b102fcd\" data-id=\"b102fcd\" data-element_type=\"column\" data-e-type=\"column\">\n\t\t\t<div class=\"elementor-widget-wrap elementor-element-populated\">\n\t\t\t\t\t\t<div class=\"elementor-element elementor-element-c1ccbe3 elementor-hidden-desktop elementor-hidden-tablet elementor-widget elementor-widget-image\" data-id=\"c1ccbe3\" data-element_type=\"widget\" data-e-type=\"widget\" data-widget_type=\"image.default\">\n\t\t\t\t<div class=\"elementor-widget-container\">\n\t\t\t\t\t\t\t\t\t\t\t\t\t\t\t<img loading=\"lazy\" decoding=\"async\" width=\"840\" height=\"300\" src=\"https:\/\/www.bentoquirino.com.br\/novo\/wp-content\/uploads\/2023\/01\/Logo-Bento-Quirino-Branco.png\" class=\"attachment-large size-large wp-image-61465\" alt=\"\" \/>\t\t\t\t\t\t\t\t\t\t\t\t\t\t\t<\/div>\n\t\t\t\t<\/div>\n\t\t\t\t<div class=\"elementor-element elementor-element-1467ca7 elementor-hidden-desktop elementor-hidden-tablet elementor-widget elementor-widget-image\" data-id=\"1467ca7\" data-element_type=\"widget\" data-e-type=\"widget\" data-widget_type=\"image.default\">\n\t\t\t\t<div class=\"elementor-widget-container\">\n\t\t\t\t\t\t\t\t\t\t\t\t\t\t\t<img decoding=\"async\" width=\"840\" height=\"821\" src=\"https:\/\/www.bentoquirino.com.br\/novo\/wp-content\/uploads\/2023\/06\/logo-mc-1024x1001.png\" class=\"attachment-large size-large wp-image-67323\" alt=\"\" \/>\t\t\t\t\t\t\t\t\t\t\t\t\t\t\t<\/div>\n\t\t\t\t<\/div>\n\t\t\t\t<div class=\"elementor-element elementor-element-91af987 elementor-hidden-desktop elementor-hidden-tablet elementor-widget elementor-widget-heading\" data-id=\"91af987\" data-element_type=\"widget\" data-e-type=\"widget\" data-widget_type=\"heading.default\">\n\t\t\t\t<div class=\"elementor-widget-container\">\n\t\t\t\t\t<h2 class=\"elementor-heading-title elementor-size-default\">Concorra a <span id=\"cor-destaque\"> <br> Bolsas de 75% <\/span><\/h2>\t\t\t\t<\/div>\n\t\t\t\t<\/div>\n\t\t\t\t<div class=\"elementor-element elementor-element-e80b71d elementor-hidden-desktop elementor-hidden-tablet elementor-widget elementor-widget-text-editor\" data-id=\"e80b71d\" data-element_type=\"widget\" data-e-type=\"widget\" data-widget_type=\"text-editor.default\">\n\t\t\t\t<div class=\"elementor-widget-container\">\n\t\t\t\t\t\t\t\t\t<p>Voc\u00ea, colaborador(a) do McDonald&#8217;s, preencha o formul\u00e1rio para concorrer a uma bolsa de 75% em todas mensalidades para o Curso T\u00e9cnico Noturno do Bento Quirino!<\/p>\t\t\t\t\t\t\t\t<\/div>\n\t\t\t\t<\/div>\n\t\t\t\t<div class=\"elementor-element elementor-element-64b64cb elementor-hidden-desktop elementor-widget elementor-widget-html\" data-id=\"64b64cb\" data-element_type=\"widget\" data-e-type=\"widget\" data-widget_type=\"html.default\">\n\t\t\t\t<div class=\"elementor-widget-container\">\n\t\t\t\t\t                        \r\n<!-- SharpSpring Form for Form Visitas Empresas P\u00f3s M\u00e9dio  -->\r\n<script type=\"text\/javascript\">\r\n    var ss_form = {'account': 'MzawMDEzMjUzBQA', 'formID': 'S7I0STRLMjTWtbBITNE1STZJ07VIMrXQNQKKm1omWRokpyQDAA'};\r\n    ss_form.width = '100%';\r\n    ss_form.domain = 'app-3QNBJM0XLI.marketingautomation.services';\r\n    \/\/ ss_form.hidden = {'field_id': 'value'}; \/\/ Modify this for sending hidden variables, or overriding values\r\n    \/\/ ss_form.target_id = 'target'; \/\/ Optional parameter: forms will be placed inside the element with the specified id\r\n    \/\/ ss_form.polling = true; \/\/ Optional parameter: set to true ONLY if your page loads dynamically and the id needs to be polled continually.\r\n<\/script>\r\n<script type=\"text\/javascript\" src=\"https:\/\/koi-3QNBJM0XLI.marketingautomation.services\/client\/form.js?ver=2.0.1\"><\/script>\r\n                    \t\t\t\t<\/div>\n\t\t\t\t<\/div>\n\t\t\t\t\t<\/div>\n\t\t<\/div>\n\t\t\t\t\t<\/div>\n\t\t<\/section>\n\t\t\t\t<section class=\"elementor-section elementor-top-section elementor-element elementor-element-15ffc6d elementor-section-boxed elementor-section-height-default elementor-section-height-default\" data-id=\"15ffc6d\" data-element_type=\"section\" data-e-type=\"section\">\n\t\t\t\t\t\t<div class=\"elementor-container elementor-column-gap-default\">\n\t\t\t\t\t<div class=\"elementor-column elementor-col-100 elementor-top-column elementor-element elementor-element-d032bb4\" data-id=\"d032bb4\" data-element_type=\"column\" data-e-type=\"column\">\n\t\t\t<div class=\"elementor-widget-wrap\">\n\t\t\t\t\t\t\t<\/div>\n\t\t<\/div>\n\t\t\t\t\t<\/div>\n\t\t<\/section>\n\t\t\t\t<\/div>\n\t\t","protected":false},"excerpt":{"rendered":"<p>Concorra a Bolsas de 75% Voc\u00ea, colaborador(a) do McDonald&#8217;s, preencha o formul\u00e1rio para concorrer a uma bolsa de 75% em todas mensalidades para o Curso T\u00e9cnico Noturno do Bento Quirino! Concorra a Bolsas de 75% Voc\u00ea, colaborador(a) do McDonald&#8217;s, preencha o formul\u00e1rio para concorrer a uma bolsa de 75% em todas mensalidades para o Curso &hellip; <a href=\"https:\/\/www.bentoquirino.com.br\/novo\/lp-mcdonalds\/\" class=\"more-link\">Continue reading<span class=\"screen-reader-text\"> &#8220;LP McDonalds&#8221;<\/span><\/a><\/p>\n","protected":false},"author":24,"featured_media":0,"parent":0,"menu_order":0,"comment_status":"closed","ping_status":"closed","template":"elementor_canvas","meta":{"_acf_changed":false,"inline_featured_image":false,"footnotes":""},"categories":[72],"tags":[],"class_list":["post-67321","page","type-page","status-publish","hentry","category-lp"],"acf":[],"_links":{"self":[{"href":"https:\/\/www.bentoquirino.com.br\/novo\/wp-json\/wp\/v2\/pages\/67321","targetHints":{"allow":["GET"]}}],"collection":[{"href":"https:\/\/www.bentoquirino.com.br\/novo\/wp-json\/wp\/v2\/pages"}],"about":[{"href":"https:\/\/www.bentoquirino.com.br\/novo\/wp-json\/wp\/v2\/types\/page"}],"author":[{"embeddable":true,"href":"https:\/\/www.bentoquirino.com.br\/novo\/wp-json\/wp\/v2\/users\/24"}],"replies":[{"embeddable":true,"href":"https:\/\/www.bentoquirino.com.br\/novo\/wp-json\/wp\/v2\/comments?post=67321"}],"version-history":[{"count":111,"href":"https:\/\/www.bentoquirino.com.br\/novo\/wp-json\/wp\/v2\/pages\/67321\/revisions"}],"predecessor-version":[{"id":68503,"href":"https:\/\/www.bentoquirino.com.br\/novo\/wp-json\/wp\/v2\/pages\/67321\/revisions\/68503"}],"wp:attachment":[{"href":"https:\/\/www.bentoquirino.com.br\/novo\/wp-json\/wp\/v2\/media?parent=67321"}],"wp:term":[{"taxonomy":"category","embeddable":true,"href":"https:\/\/www.bentoquirino.com.br\/novo\/wp-json\/wp\/v2\/categories?post=67321"},{"taxonomy":"post_tag","embeddable":true,"href":"https:\/\/www.bentoquirino.com.br\/novo\/wp-json\/wp\/v2\/tags?post=67321"}],"curies":[{"name":"wp","href":"https:\/\/api.w.org\/{rel}","templated":true}]}}