{"id":84,"date":"2016-09-26T01:48:13","date_gmt":"2016-09-26T04:48:13","guid":{"rendered":"http:\/\/www.bentoquirino.com.br\/bentoquirino_wp\/?page_id=84"},"modified":"2025-05-05T15:36:18","modified_gmt":"2025-05-05T18:36:18","slug":"cursos","status":"publish","type":"page","link":"https:\/\/www.bentoquirino.com.br\/novo\/cursos\/","title":{"rendered":"Cursos"},"content":{"rendered":"\t\t<div data-elementor-type=\"wp-page\" data-elementor-id=\"84\" class=\"elementor elementor-84\" data-elementor-post-type=\"page\">\n\t\t\t\t\t\t<section class=\"elementor-section elementor-top-section elementor-element elementor-element-3244dd4 elementor-section-boxed elementor-section-height-default elementor-section-height-default\" data-id=\"3244dd4\" data-element_type=\"section\" data-e-type=\"section\">\n\t\t\t\t\t\t<div class=\"elementor-container elementor-column-gap-default\">\n\t\t\t\t\t<div class=\"elementor-column elementor-col-100 elementor-top-column elementor-element elementor-element-0b9fa9d\" data-id=\"0b9fa9d\" data-element_type=\"column\" data-e-type=\"column\">\n\t\t\t<div class=\"elementor-widget-wrap elementor-element-populated\">\n\t\t\t\t\t\t<div class=\"elementor-element elementor-element-b9e56c4 elementor-widget elementor-widget-spacer\" data-id=\"b9e56c4\" data-element_type=\"widget\" data-e-type=\"widget\" data-widget_type=\"spacer.default\">\n\t\t\t\t<div class=\"elementor-widget-container\">\n\t\t\t\t\t\t\t<div class=\"elementor-spacer\">\n\t\t\t<div class=\"elementor-spacer-inner\"><\/div>\n\t\t<\/div>\n\t\t\t\t\t\t<\/div>\n\t\t\t\t<\/div>\n\t\t\t\t\t<\/div>\n\t\t<\/div>\n\t\t\t\t\t<\/div>\n\t\t<\/section>\n\t\t<div class=\"elementor-element elementor-element-1e01b54 e-con-full e-flex e-con e-parent\" data-id=\"1e01b54\" data-element_type=\"container\" data-e-type=\"container\">\n\t\t<div class=\"elementor-element elementor-element-4b09297 e-con-full e-flex e-con e-child\" data-id=\"4b09297\" data-element_type=\"container\" data-e-type=\"container\">\n\t\t\t\t<div class=\"elementor-element elementor-element-8bf4e5b elementor-widget elementor-widget-text-editor\" data-id=\"8bf4e5b\" data-element_type=\"widget\" data-e-type=\"widget\" data-widget_type=\"text-editor.default\">\n\t\t\t\t<div class=\"elementor-widget-container\">\n\t\t\t\t\t\t\t\t\t<p>Ensino M\u00e9dio e Educa\u00e7\u00e3o Profissional<\/p>\t\t\t\t\t\t\t\t<\/div>\n\t\t\t\t<\/div>\n\t\t\t\t<div class=\"elementor-element elementor-element-356e0de elementor-widget elementor-widget-text-editor\" data-id=\"356e0de\" data-element_type=\"widget\" data-e-type=\"widget\" data-widget_type=\"text-editor.default\">\n\t\t\t\t<div class=\"elementor-widget-container\">\n\t\t\t\t\t\t\t\t\t<p style=\"font-family: Roboto, sans-serif; text-align: justify;\">No BENTO QUIRINO, para quem concluiu o Ensino Fundamental, o Col\u00e9gio oferece o Ensino M\u00e9dio concomitante (junto) ao Curso T\u00e9cnico (Habilita\u00e7\u00e3o Profissional T\u00e9cnica de N\u00edvel M\u00e9dio). Assim, ao final de tr\u00eas anos, os nossos alunos recebem: a certifica\u00e7\u00e3o de conclus\u00e3o do Ensino M\u00e9dio, que possibilita a continua\u00e7\u00e3o\/prosseguimento de estudos no n\u00edvel universit\u00e1rio e o Diploma de T\u00e9cnico na habilita\u00e7\u00e3o escolhida, que possibilita o acesso ao mercado de trabalho.<\/p><p style=\"font-family: Roboto, sans-serif; text-align: justify;\">Para quem j\u00e1 concluiu o Ensino M\u00e9dio, a dura\u00e7\u00e3o do Curso T\u00e9cnico \u00e9 reduzida para 12 ou 18 meses (2 ou 3 semestres letivos), dependendo da carga hor\u00e1ria do curso escolhido.<\/p><p style=\"font-family: Roboto, sans-serif; text-align: justify;\">No Ensino M\u00e9dio o nosso objetivo, al\u00e9m da consolida\u00e7\u00e3o e aprofundamento dos conhecimentos j\u00e1 adquiridos, \u00e9 a prepara\u00e7\u00e3o dos alunos para enfrentar os desafios de um mundo globalizado que se modifica com muita intensidade e rapidez.<\/p><p style=\"font-family: Roboto, sans-serif; text-align: justify;\">Na organiza\u00e7\u00e3o curricular, os conte\u00fados\/conceitos s\u00e3o trabalhados de maneira contextualizada, sempre com articulando os conceitos e a realidade social vivida. A reflex\u00e3o, a criatividade, a argumenta\u00e7\u00e3o, o di\u00e1logo e a autonomia intelectual s\u00e3o os eixos de sustenta\u00e7\u00e3o do Projeto Pedag\u00f3gico. Nossos valores como cidad\u00e3os do mundo: valoriza\u00e7\u00e3o da vida, respeito humano, solidariedade, responsabilidade\/compromisso social e a preserva\u00e7\u00e3o ambiental.<\/p><p style=\"font-family: Roboto, sans-serif; text-align: justify;\">O ambiente escolar \u00e9 bastante agrad\u00e1vel, acolhedor e prazeroso. Buscamos sempre ouvir nossos alunos atrav\u00e9s do Conselho de Representantes de Classe. A participa\u00e7\u00e3o \u00e9 efetiva, n\u00e3o apenas com sugest\u00f5es, mas na organiza\u00e7\u00e3o e na realiza\u00e7\u00e3o dos eventos importantes do Col\u00e9gio, como: Semana de Estudos, Trote X Fome, Olimp\u00edadas de Matem\u00e1tica\/F\u00edsica e Inform\u00e1tica, Simulados ENEM, Torneiros\/Campeonatos Esportivos, Oficinas de Reda\u00e7\u00e3o, entre outros.<\/p><p style=\"font-family: Roboto, sans-serif; text-align: justify;\">Na Educa\u00e7\u00e3o Profissional (Curso T\u00e9cnico), o nosso alvo \u00e9 a forma\u00e7\u00e3o profissional competente. Estamos sempre nos atualizando e em contato direto com o mercado de trabalho. Como conseq\u00fc\u00eancia, temos obtido resultados muito positivos, os quais, facilitam aos nossos alunos, o ingresso no mercado de trabalho e sucesso profissional.<\/p><p style=\"font-family: Roboto, sans-serif; margin-bottom: 0px; text-align: justify;\">Para mais informa\u00e7\u00f5es selecione o curso ao lado. Havendo d\u00favidas, entre em contato conosco, via telefone (0800 7 712 712), ou atrav\u00e9s de e-mail (coordenadores dos cursos).<\/p>\t\t\t\t\t\t\t\t<\/div>\n\t\t\t\t<\/div>\n\t\t\t\t<\/div>\n\t\t<div class=\"elementor-element elementor-element-0191017 e-con-full e-flex e-con e-child\" data-id=\"0191017\" data-element_type=\"container\" data-e-type=\"container\">\n\t\t\t\t<div class=\"elementor-element elementor-element-822c5b6 elementor-hidden-tablet elementor-hidden-mobile elementor-widget elementor-widget-image\" data-id=\"822c5b6\" data-element_type=\"widget\" data-e-type=\"widget\" data-widget_type=\"image.default\">\n\t\t\t\t<div class=\"elementor-widget-container\">\n\t\t\t\t\t\t\t\t\t\t\t\t\t\t\t<img fetchpriority=\"high\" decoding=\"async\" width=\"300\" height=\"580\" src=\"https:\/\/www.bentoquirino.com.br\/novo\/wp-content\/uploads\/2023\/01\/imagem_2023-01-18_163256722.png\" class=\"attachment-full size-full wp-image-61922\" alt=\"\" \/>\t\t\t\t\t\t\t\t\t\t\t\t\t\t\t<\/div>\n\t\t\t\t<\/div>\n\t\t\t\t<\/div>\n\t\t\t\t<\/div>\n\t\t\t\t<section class=\"elementor-section elementor-top-section elementor-element elementor-element-476ad43 elementor-section-boxed elementor-section-height-default elementor-section-height-default\" data-id=\"476ad43\" data-element_type=\"section\" data-e-type=\"section\">\n\t\t\t\t\t\t<div class=\"elementor-container elementor-column-gap-default\">\n\t\t\t\t\t<div class=\"elementor-column elementor-col-100 elementor-top-column elementor-element elementor-element-d0b989d\" data-id=\"d0b989d\" data-element_type=\"column\" data-e-type=\"column\">\n\t\t\t<div class=\"elementor-widget-wrap elementor-element-populated\">\n\t\t\t\t\t\t<div class=\"elementor-element elementor-element-eec5403 elementor-widget elementor-widget-spacer\" data-id=\"eec5403\" data-element_type=\"widget\" data-e-type=\"widget\" data-widget_type=\"spacer.default\">\n\t\t\t\t<div class=\"elementor-widget-container\">\n\t\t\t\t\t\t\t<div class=\"elementor-spacer\">\n\t\t\t<div class=\"elementor-spacer-inner\"><\/div>\n\t\t<\/div>\n\t\t\t\t\t\t<\/div>\n\t\t\t\t<\/div>\n\t\t\t\t\t<\/div>\n\t\t<\/div>\n\t\t\t\t\t<\/div>\n\t\t<\/section>\n\t\t\t\t<section class=\"elementor-section elementor-top-section elementor-element elementor-element-8dd15ce elementor-section-stretched elementor-section-boxed elementor-section-height-default elementor-section-height-default\" data-id=\"8dd15ce\" data-element_type=\"section\" data-e-type=\"section\" data-settings=\"{&quot;stretch_section&quot;:&quot;section-stretched&quot;,&quot;background_background&quot;:&quot;classic&quot;}\">\n\t\t\t\t\t\t<div class=\"elementor-container elementor-column-gap-default\">\n\t\t\t\t\t<div class=\"elementor-column elementor-col-100 elementor-top-column elementor-element elementor-element-916af5b\" data-id=\"916af5b\" data-element_type=\"column\" data-e-type=\"column\">\n\t\t\t<div class=\"elementor-widget-wrap elementor-element-populated\">\n\t\t\t\t\t\t<div class=\"elementor-element elementor-element-28b9459 elementor-widget elementor-widget-heading\" data-id=\"28b9459\" data-element_type=\"widget\" data-e-type=\"widget\" data-widget_type=\"heading.default\">\n\t\t\t\t<div class=\"elementor-widget-container\">\n\t\t\t\t\t<h2 class=\"elementor-heading-title elementor-size-default\">Nossos Cursos<\/h2>\t\t\t\t<\/div>\n\t\t\t\t<\/div>\n\t\t\t\t\t<\/div>\n\t\t<\/div>\n\t\t\t\t\t<\/div>\n\t\t<\/section>\n\t\t\t\t<section class=\"elementor-section elementor-top-section elementor-element elementor-element-44960282 elementor-section-full_width elementor-section-height-default elementor-section-height-default\" data-id=\"44960282\" data-element_type=\"section\" data-e-type=\"section\">\n\t\t\t\t\t\t<div class=\"elementor-container elementor-column-gap-no\">\n\t\t\t\t\t<div class=\"elementor-column elementor-col-100 elementor-top-column elementor-element elementor-element-29da815c\" data-id=\"29da815c\" data-element_type=\"column\" data-e-type=\"column\">\n\t\t\t<div class=\"elementor-widget-wrap elementor-element-populated\">\n\t\t\t\t\t\t<div class=\"elementor-element elementor-element-46f9a5f elementor-skin-carousel elementor-arrows-yes elementor-pagination-type-bullets elementor-pagination-position-outside elementor-widget elementor-widget-media-carousel\" data-id=\"46f9a5f\" data-element_type=\"widget\" data-e-type=\"widget\" data-settings=\"{&quot;slides_per_view&quot;:&quot;3&quot;,&quot;slides_to_scroll&quot;:&quot;2&quot;,&quot;skin&quot;:&quot;carousel&quot;,&quot;effect&quot;:&quot;slide&quot;,&quot;show_arrows&quot;:&quot;yes&quot;,&quot;pagination&quot;:&quot;bullets&quot;,&quot;speed&quot;:500,&quot;autoplay&quot;:&quot;yes&quot;,&quot;autoplay_speed&quot;:5000,&quot;loop&quot;:&quot;yes&quot;,&quot;pause_on_interaction&quot;:&quot;yes&quot;,&quot;space_between&quot;:{&quot;unit&quot;:&quot;px&quot;,&quot;size&quot;:10,&quot;sizes&quot;:[]},&quot;space_between_tablet&quot;:{&quot;unit&quot;:&quot;px&quot;,&quot;size&quot;:10,&quot;sizes&quot;:[]},&quot;space_between_mobile&quot;:{&quot;unit&quot;:&quot;px&quot;,&quot;size&quot;:10,&quot;sizes&quot;:[]}}\" data-widget_type=\"media-carousel.default\">\n\t\t\t\t<div class=\"elementor-widget-container\">\n\t\t\t\t\t\t\t\t\t<div class=\"elementor-swiper\">\n\t\t\t\t\t<div class=\"elementor-main-swiper swiper\" role=\"region\" aria-roledescription=\"carousel\" aria-label=\"Slides\">\n\t\t\t\t<div class=\"swiper-wrapper\">\n\t\t\t\t\t\t\t\t\t\t\t<div class=\"swiper-slide\" role=\"group\" aria-roledescription=\"slide\">\n\t\t\t\t\t\t\t<a href=\"https:\/\/eadbentoquirino.com.br\/ead\/matricula\/?_ga=2.10192117.1981478895.1672755119-1058315184.1632936039\">\t\t<div class=\"elementor-carousel-image\" role=\"img\" aria-label=\"ADM\" style=\"background-image: url(&#039;https:\/\/www.bentoquirino.com.br\/novo\/wp-content\/uploads\/2023\/01\/ADM-1.png&#039;)\">\n\n\t\t\t\n\t\t\t\t\t<\/div>\n\t\t<\/a>\t\t\t\t\t\t<\/div>\n\t\t\t\t\t\t\t\t\t\t\t<div class=\"swiper-slide\" role=\"group\" aria-roledescription=\"slide\">\n\t\t\t\t\t\t\t<a href=\"https:\/\/eadbentoquirino.com.br\/ead\/matricula\/?_ga=2.10192117.1981478895.1672755119-1058315184.1632936039\">\t\t<div class=\"elementor-carousel-image\" role=\"img\" aria-label=\"BIOTEC\" style=\"background-image: url(&#039;https:\/\/www.bentoquirino.com.br\/novo\/wp-content\/uploads\/2023\/01\/BIOTEC-1.png&#039;)\">\n\n\t\t\t\n\t\t\t\t\t<\/div>\n\t\t<\/a>\t\t\t\t\t\t<\/div>\n\t\t\t\t\t\t\t\t\t\t\t<div class=\"swiper-slide\" role=\"group\" aria-roledescription=\"slide\">\n\t\t\t\t\t\t\t<a href=\"https:\/\/eadbentoquirino.com.br\/ead\/matricula\/?_ga=2.10192117.1981478895.1672755119-1058315184.1632936039\">\t\t<div class=\"elementor-carousel-image\" role=\"img\" aria-label=\"EDI\" style=\"background-image: url(&#039;https:\/\/www.bentoquirino.com.br\/novo\/wp-content\/uploads\/2023\/01\/EDI-1.png&#039;)\">\n\n\t\t\t\n\t\t\t\t\t<\/div>\n\t\t<\/a>\t\t\t\t\t\t<\/div>\n\t\t\t\t\t\t\t\t\t\t\t<div class=\"swiper-slide\" role=\"group\" aria-roledescription=\"slide\">\n\t\t\t\t\t\t\t<a href=\"https:\/\/eadbentoquirino.com.br\/ead\/matricula\/?_ga=2.10192117.1981478895.1672755119-1058315184.1632936039\">\t\t<div class=\"elementor-carousel-image\" role=\"img\" aria-label=\"ENFER\" style=\"background-image: url(&#039;https:\/\/www.bentoquirino.com.br\/novo\/wp-content\/uploads\/2023\/01\/ENFER.png&#039;)\">\n\n\t\t\t\n\t\t\t\t\t<\/div>\n\t\t<\/a>\t\t\t\t\t\t<\/div>\n\t\t\t\t\t\t\t\t\t\t\t<div class=\"swiper-slide\" role=\"group\" aria-roledescription=\"slide\">\n\t\t\t\t\t\t\t<a href=\"https:\/\/eadbentoquirino.com.br\/ead\/matricula\/?_ga=2.10192117.1981478895.1672755119-1058315184.1632936039\">\t\t<div class=\"elementor-carousel-image\" role=\"img\" aria-label=\"FARM\" style=\"background-image: url(&#039;https:\/\/www.bentoquirino.com.br\/novo\/wp-content\/uploads\/2023\/01\/FARM-1.png&#039;)\">\n\n\t\t\t\n\t\t\t\t\t<\/div>\n\t\t<\/a>\t\t\t\t\t\t<\/div>\n\t\t\t\t\t\t\t\t\t\t\t<div class=\"swiper-slide\" role=\"group\" aria-roledescription=\"slide\">\n\t\t\t\t\t\t\t<a href=\"https:\/\/eadbentoquirino.com.br\/ead\/matricula\/?_ga=2.10192117.1981478895.1672755119-1058315184.1632936039\">\t\t<div class=\"elementor-carousel-image\" role=\"img\" aria-label=\"GAMES\" style=\"background-image: url(&#039;https:\/\/www.bentoquirino.com.br\/novo\/wp-content\/uploads\/2023\/01\/GAMES.png&#039;)\">\n\n\t\t\t\n\t\t\t\t\t<\/div>\n\t\t<\/a>\t\t\t\t\t\t<\/div>\n\t\t\t\t\t\t\t\t\t\t\t<div class=\"swiper-slide\" role=\"group\" aria-roledescription=\"slide\">\n\t\t\t\t\t\t\t<a href=\"https:\/\/eadbentoquirino.com.br\/ead\/matricula\/?_ga=2.10192117.1981478895.1672755119-1058315184.1632936039\">\t\t<div class=\"elementor-carousel-image\" role=\"img\" aria-label=\"INFO\" style=\"background-image: url(&#039;https:\/\/www.bentoquirino.com.br\/novo\/wp-content\/uploads\/2023\/01\/INFO-1.png&#039;)\">\n\n\t\t\t\n\t\t\t\t\t<\/div>\n\t\t<\/a>\t\t\t\t\t\t<\/div>\n\t\t\t\t\t\t\t\t\t\t\t<div class=\"swiper-slide\" role=\"group\" aria-roledescription=\"slide\">\n\t\t\t\t\t\t\t<a href=\"https:\/\/eadbentoquirino.com.br\/ead\/matricula\/?_ga=2.10192117.1981478895.1672755119-1058315184.1632936039\">\t\t<div class=\"elementor-carousel-image\" role=\"img\" aria-label=\"MECA\" style=\"background-image: url(&#039;https:\/\/www.bentoquirino.com.br\/novo\/wp-content\/uploads\/2023\/01\/MECA-1.png&#039;)\">\n\n\t\t\t\n\t\t\t\t\t<\/div>\n\t\t<\/a>\t\t\t\t\t\t<\/div>\n\t\t\t\t\t\t\t\t\t\t\t<div class=\"swiper-slide\" role=\"group\" aria-roledescription=\"slide\">\n\t\t\t\t\t\t\t<a href=\"https:\/\/eadbentoquirino.com.br\/ead\/matricula\/?_ga=2.10192117.1981478895.1672755119-1058315184.1632936039\">\t\t<div class=\"elementor-carousel-image\" role=\"img\" aria-label=\"PUB\" style=\"background-image: url(&#039;https:\/\/www.bentoquirino.com.br\/novo\/wp-content\/uploads\/2023\/01\/PUB-1.png&#039;)\">\n\n\t\t\t\n\t\t\t\t\t<\/div>\n\t\t<\/a>\t\t\t\t\t\t<\/div>\n\t\t\t\t\t\t\t\t\t\t\t<div class=\"swiper-slide\" role=\"group\" aria-roledescription=\"slide\">\n\t\t\t\t\t\t\t<a href=\"https:\/\/eadbentoquirino.com.br\/ead\/matricula\/?_ga=2.10192117.1981478895.1672755119-1058315184.1632936039\">\t\t<div class=\"elementor-carousel-image\" role=\"img\" aria-label=\"QUIMICA\" style=\"background-image: url(&#039;https:\/\/www.bentoquirino.com.br\/novo\/wp-content\/uploads\/2023\/01\/QUIMICA.png&#039;)\">\n\n\t\t\t\n\t\t\t\t\t<\/div>\n\t\t<\/a>\t\t\t\t\t\t<\/div>\n\t\t\t\t\t\t\t\t\t\t\t<div class=\"swiper-slide\" role=\"group\" aria-roledescription=\"slide\">\n\t\t\t\t\t\t\t<a href=\"https:\/\/eadbentoquirino.com.br\/ead\/matricula\/?_ga=2.10192117.1981478895.1672755119-1058315184.1632936039\">\t\t<div class=\"elementor-carousel-image\" role=\"img\" aria-label=\"SEG DO TRAB\" style=\"background-image: url(&#039;https:\/\/www.bentoquirino.com.br\/novo\/wp-content\/uploads\/2023\/01\/SEG-DO-TRAB.png&#039;)\">\n\n\t\t\t\n\t\t\t\t\t<\/div>\n\t\t<\/a>\t\t\t\t\t\t<\/div>\n\t\t\t\t\t\t\t\t\t\t\t<div class=\"swiper-slide\" role=\"group\" aria-roledescription=\"slide\">\n\t\t\t\t\t\t\t<a href=\"https:\/\/eadbentoquirino.com.br\/ead\/matricula\">\t\t<div class=\"elementor-carousel-image\" role=\"img\" aria-label=\"vet-2\" style=\"background-image: url(&#039;https:\/\/www.bentoquirino.com.br\/novo\/wp-content\/uploads\/2023\/06\/vet-2.png&#039;)\">\n\n\t\t\t\n\t\t\t\t\t<\/div>\n\t\t<\/a>\t\t\t\t\t\t<\/div>\n\t\t\t\t\t\t\t\t\t<\/div>\n\t\t\t\t\t\t\t\t\t\t\t\t\t\t\t<div class=\"elementor-swiper-button elementor-swiper-button-prev\" role=\"button\" tabindex=\"0\" aria-label=\"Anterior\">\n\t\t\t\t\t\t\t<svg aria-hidden=\"true\" class=\"e-font-icon-svg e-eicon-chevron-left\" viewBox=\"0 0 1000 1000\" xmlns=\"http:\/\/www.w3.org\/2000\/svg\"><path d=\"M646 125C629 125 613 133 604 142L308 442C296 454 292 471 292 487 292 504 296 521 308 533L604 854C617 867 629 875 646 875 663 875 679 871 692 858 704 846 713 829 713 812 713 796 708 779 692 767L438 487 692 225C700 217 708 204 708 187 708 171 704 154 692 142 675 129 663 125 646 125Z\"><\/path><\/svg>\t\t\t\t\t\t<\/div>\n\t\t\t\t\t\t<div class=\"elementor-swiper-button elementor-swiper-button-next\" role=\"button\" tabindex=\"0\" aria-label=\"Pr\u00f3ximo\">\n\t\t\t\t\t\t\t<svg aria-hidden=\"true\" class=\"e-font-icon-svg e-eicon-chevron-right\" viewBox=\"0 0 1000 1000\" xmlns=\"http:\/\/www.w3.org\/2000\/svg\"><path d=\"M696 533C708 521 713 504 713 487 713 471 708 454 696 446L400 146C388 133 375 125 354 125 338 125 325 129 313 142 300 154 292 171 292 187 292 204 296 221 308 233L563 492 304 771C292 783 288 800 288 817 288 833 296 850 308 863 321 871 338 875 354 875 371 875 388 867 400 854L696 533Z\"><\/path><\/svg>\t\t\t\t\t\t<\/div>\n\t\t\t\t\t\t\t\t\t\t\t\t\t\t\t\t<div class=\"swiper-pagination\"><\/div>\n\t\t\t\t\t\t\t\t\t\t\t\t<\/div>\n\t\t\t\t<\/div>\n\t\t\t\t\t\t\t\t<\/div>\n\t\t\t\t<\/div>\n\t\t\t\t<div class=\"elementor-element elementor-element-738d45e3 elementor-widget elementor-widget-spacer\" data-id=\"738d45e3\" data-element_type=\"widget\" data-e-type=\"widget\" data-widget_type=\"spacer.default\">\n\t\t\t\t<div class=\"elementor-widget-container\">\n\t\t\t\t\t\t\t<div class=\"elementor-spacer\">\n\t\t\t<div class=\"elementor-spacer-inner\"><\/div>\n\t\t<\/div>\n\t\t\t\t\t\t<\/div>\n\t\t\t\t<\/div>\n\t\t\t\t\t<\/div>\n\t\t<\/div>\n\t\t\t\t\t<\/div>\n\t\t<\/section>\n\t\t\t\t<section class=\"elementor-section elementor-top-section elementor-element elementor-element-8777713 elementor-section-boxed elementor-section-height-default elementor-section-height-default\" data-id=\"8777713\" data-element_type=\"section\" data-e-type=\"section\">\n\t\t\t\t\t\t<div class=\"elementor-container elementor-column-gap-default\">\n\t\t\t\t\t<div class=\"elementor-column elementor-col-100 elementor-top-column elementor-element elementor-element-9301295\" data-id=\"9301295\" data-element_type=\"column\" data-e-type=\"column\">\n\t\t\t<div class=\"elementor-widget-wrap elementor-element-populated\">\n\t\t\t\t\t\t<div class=\"elementor-element elementor-element-d93436c elementor-widget elementor-widget-spacer\" data-id=\"d93436c\" data-element_type=\"widget\" data-e-type=\"widget\" data-widget_type=\"spacer.default\">\n\t\t\t\t<div class=\"elementor-widget-container\">\n\t\t\t\t\t\t\t<div class=\"elementor-spacer\">\n\t\t\t<div class=\"elementor-spacer-inner\"><\/div>\n\t\t<\/div>\n\t\t\t\t\t\t<\/div>\n\t\t\t\t<\/div>\n\t\t\t\t\t<\/div>\n\t\t<\/div>\n\t\t\t\t\t<\/div>\n\t\t<\/section>\n\t\t\t\t<\/div>\n\t\t","protected":false},"excerpt":{"rendered":"<p>Ensino M\u00e9dio e Educa\u00e7\u00e3o Profissional No BENTO QUIRINO, para quem concluiu o Ensino Fundamental, o Col\u00e9gio oferece o Ensino M\u00e9dio concomitante (junto) ao Curso T\u00e9cnico (Habilita\u00e7\u00e3o Profissional T\u00e9cnica de N\u00edvel M\u00e9dio). Assim, ao final de tr\u00eas anos, os nossos alunos recebem: a certifica\u00e7\u00e3o de conclus\u00e3o do Ensino M\u00e9dio, que possibilita a continua\u00e7\u00e3o\/prosseguimento de estudos no &hellip; <a href=\"https:\/\/www.bentoquirino.com.br\/novo\/cursos\/\" class=\"more-link\">Continue reading<span class=\"screen-reader-text\"> &#8220;Cursos&#8221;<\/span><\/a><\/p>\n","protected":false},"author":24,"featured_media":0,"parent":0,"menu_order":3,"comment_status":"closed","ping_status":"closed","template":"","meta":{"_acf_changed":false,"inline_featured_image":false,"footnotes":""},"categories":[],"tags":[],"class_list":["post-84","page","type-page","status-publish","hentry"],"acf":[],"_links":{"self":[{"href":"https:\/\/www.bentoquirino.com.br\/novo\/wp-json\/wp\/v2\/pages\/84","targetHints":{"allow":["GET"]}}],"collection":[{"href":"https:\/\/www.bentoquirino.com.br\/novo\/wp-json\/wp\/v2\/pages"}],"about":[{"href":"https:\/\/www.bentoquirino.com.br\/novo\/wp-json\/wp\/v2\/types\/page"}],"author":[{"embeddable":true,"href":"https:\/\/www.bentoquirino.com.br\/novo\/wp-json\/wp\/v2\/users\/24"}],"replies":[{"embeddable":true,"href":"https:\/\/www.bentoquirino.com.br\/novo\/wp-json\/wp\/v2\/comments?post=84"}],"version-history":[{"count":212,"href":"https:\/\/www.bentoquirino.com.br\/novo\/wp-json\/wp\/v2\/pages\/84\/revisions"}],"predecessor-version":[{"id":75263,"href":"https:\/\/www.bentoquirino.com.br\/novo\/wp-json\/wp\/v2\/pages\/84\/revisions\/75263"}],"wp:attachment":[{"href":"https:\/\/www.bentoquirino.com.br\/novo\/wp-json\/wp\/v2\/media?parent=84"}],"wp:term":[{"taxonomy":"category","embeddable":true,"href":"https:\/\/www.bentoquirino.com.br\/novo\/wp-json\/wp\/v2\/categories?post=84"},{"taxonomy":"post_tag","embeddable":true,"href":"https:\/\/www.bentoquirino.com.br\/novo\/wp-json\/wp\/v2\/tags?post=84"}],"curies":[{"name":"wp","href":"https:\/\/api.w.org\/{rel}","templated":true}]}}